{"id":384,"date":"2017-02-05T11:55:26","date_gmt":"2017-02-05T10:55:26","guid":{"rendered":"https:\/\/agua.blue?page_id=384\/"},"modified":"2018-11-01T15:31:38","modified_gmt":"2018-11-01T14:31:38","slug":"info-cookie-e-privacy","status":"publish","type":"page","link":"https:\/\/agua.blue\/it\/info-cookie-e-privacy\/","title":{"rendered":"Info Cookie e Privacy"},"content":{"rendered":"<section class=\"wpb-content-wrapper\"><p>[vc_row row_type=&#8221;row&#8221; use_row_as_full_screen_section=&#8221;no&#8221; type=&#8221;full_width&#8221; text_align=&#8221;left&#8221; css_animation=&#8221;&#8221;][vc_column][vc_column_text]<\/p>\n<h2>Cookie e Privacy<\/h2>\n<p>[\/vc_column_text][vc_empty_space height=&#8221;20px&#8221;][vc_column_text]<\/p>\n<h4><span style=\"color: #be945c;\">Informativa sulla privacy<\/span><\/h4>\n<p>Ai sensi dell&#8217;art. 13 del Dlgs n. 196 del 2003, La informiamo che: i dati da Lei conferiti verranno utilizzati al solo scopo di poter fornire le delucidazioni e\/o le informazioni richieste tramite il modulo elettronico di contatto presente sul sito e per comunicare con Lei in relazione alle Sue richieste, tali dati verranno conservati da Agua Blue su supporto cartaceo e su un archivio non accessibile ad estranei e verranno trattati con sistemi elettronici, magnetici od elettromeccanici. In qualunque momento potr\u00e0 richiedere la cancellazione dai Suoi dati dagli archivi di Agua Blue; inviando una e-mail all&#8217;indirizzo info@agua.blue:8080 o scrivendo a Agua Blue Viale Santuario, 20 &#8211; 20831 Seregno. Questo documento \u201cInformativa sulla privacy\u201d deve essere letto e accettato prima dell\u2019invio di qualunque informazione personale e della compilazione del modulo elettronico presente sul sito.<\/p>\n<h4><span style=\"color: #be945c;\">Informativa estesa Cookie Policy<\/span><\/h4>\n<p>Utilizziamo i cookie per rendere il nostro sito pi\u00f9 facile ed intuitivo. I dati raccolti grazie ai cookie servono per rendere l&#8217;esperienza di navigazione pi\u00f9 piacevole e pi\u00f9 efficiente in futuro.<\/p>\n<h4><span style=\"color: #be945c;\">Cosa sono i cookie?<\/span><\/h4>\n<p>I cookie sono piccoli file di testo inviati dal sito al terminale dell\u2019interessato (solitamente al browser), dove vengono memorizzati per essere poi ritrasmessi al sito alla successiva visita del medesimo utente. Un cookie non pu\u00f2 richiamare nessun altro dato dal disco fisso dell\u2019utente n\u00e9 trasmettere virus informatici o acquisire indirizzi email. Ogni cookie \u00e8 unico per il web browser dell\u2019utente. Alcune delle funzioni dei cookie possono essere demandate ad altre tecnologie. Nel presente documento con il termine \u2018cookie\u2019 si vuol far riferimento sia ai cookie, propriamente detti, sia a tutte le tecnologie similari.<\/p>\n<h4><span style=\"color: #be945c;\">Tipologia dei cookie<\/span><\/h4>\n<p>I cookie possono essere di prima o di terza parte, dove per &#8220;prima parte&#8221; si intendono i cookie che riportano come dominio il sito, mentre per &#8220;terza parte&#8221; si intendono i cookie che sono relativi a domini esterni.<\/p>\n<p>I cookie di terza parte sono necessariamente installati da un soggetto esterno, sempre definito come &#8220;terza parte&#8221;, non gestito dal sito. Tali soggetti possono eventualmente installare anche cookie di prima parte, salvando sul dominio del sito i propri cookie.<\/p>\n<p>Un altro tipo di cookie sono i cosiddetti &#8220;Flash Cookie&#8221; (Local Shared Objects), utilizzati all&#8217;interno di Adobe Flash Player per erogare alcuni contenuti, come video clip o animazioni, in modo da ricordare le impostazioni e preferenze. I Flash cookie sono archiviati sul dispositivo, ma sono gestiti attraverso un\u2019interfaccia differente rispetto a quella fornita dal browser utilizzato.<\/p>\n<h4><span style=\"color: #be945c;\">Natura dei cookie<\/span><\/h4>\n<p>Relativamente alla natura dei cookie, ne esistono di diversi tipi:<\/p>\n<h4><span style=\"color: #be945c;\">Cookie tecnici<\/span><\/h4>\n<p>I cookie tecnici sono quelli utilizzati al solo fine di &#8220;effettuare la trasmissione di una comunicazione su una rete di comunicazione elettronica, o nella misura strettamente necessaria al fornitore di un servizio della societ\u00e0 dell&#8217;informazione esplicitamente richiesto dall&#8217;abbonato o dall&#8217;utente a erogare tale servizio&#8221; (cfr. art. 122, comma 1, del Codice).<\/p>\n<p>Essi non vengono utilizzati per scopi ulteriori e sono normalmente installati direttamente dal titolare o gestore del sito web. Possono essere suddivisi in:<\/p>\n<ul>\n<li>cookie di navigazione o di sessione, che garantiscono la normale navigazione e fruizione del sito web (permettendo, ad esempio, di realizzare un acquisto o autenticarsi per accedere ad aree riservate); essi sono di fatto necessari per il corretto funzionamento del sito;<\/li>\n<li>cookie analytics, assimilati ai cookie tecnici laddove utilizzati direttamente dal gestore del sito per raccogliere informazioni, in forma aggregata, sul numero degli utenti e su come questi visitano il sito stesso, al fine di migliorare le performance del sito;<\/li>\n<li>cookie di funzionalit\u00e0, che permettono all&#8217;utente la navigazione in funzione di una serie di criteri selezionati (ad esempio, la lingua, i prodotti selezionati per l&#8217;acquisto) al fine di migliorare il servizio reso allo stesso. Per l&#8217;installazione di tali cookie non \u00e8 richiesto il preventivo consenso degli utenti.<\/li>\n<\/ul>\n<p>&nbsp;<\/p>\n<h4><span style=\"color: #be945c;\">Cookie di profilazione<\/span><\/h4>\n<p>I cookie di profilazione sono volti a creare profili relativi all&#8217;utente e vengono utilizzati al fine di inviare messaggi pubblicitari in linea con le preferenze manifestate dallo stesso nell&#8217;ambito della navigazione in rete.<\/p>\n<p>In caso di cookie di terze parti, il sito non ha un controllo diretto dei singoli cookie e non pu\u00f2 controllarli (non pu\u00f2 n\u00e9 installarli direttamente n\u00e9 cancellarli). Puoi comunque gestire questi cookie attraverso le impostazioni del browser (segui le istruzioni riportate pi\u00f9 avanti).<\/p>\n<p>L\u2019Utente \u00e8 pertanto invitato a verificare sul sito della terza parte indicato nella tabella riportata di seguito.<\/p>\n<h4><span style=\"color: #be945c;\">Cookie installati su questo sito<\/span><\/h4>\n<p>Ecco l&#8217;elenco dei cookie (raggruppati logicamente a livello di funzionalit\u00e0 o fornitore) presenti su questo sito. I cookie di terze parti presentano il collegamento all&#8217;informativa della privacy del relativo fornitore esterno, dove \u00e8 possibile trovare una dettagliata descrizione dei singoli cookie e del trattamento che ne viene fatto.<\/p>\n<p>Elenco dei cookie tecnici presenti sul sito www.agua.blue<\/p>\n<h4><span style=\"color: #be945c;\">Cookie di sistema<\/span><\/h4>\n<p>Il sito www.agua.blue utilizza cookie per garantire all&#8217;utente una migliore esperienza di navigazione; tali cookie sono indispensabili per la fruizione corretta del sito. Puoi disabilitare questi cookie dal browser seguendo le indicazioni nel paragrafo dedicato, ma comprometterai la tua esperienza sul sito e non potremo rispondere dei malfunzionamenti.<\/p>\n<h4><span style=\"color: #be945c;\">Cookie di monitoraggio<\/span><\/h4>\n<p>I cookie di monitoraggio possono essere disabilitati senza nessuna conseguenza sulla navigazione del portale. www.agua.blue si avvale del servizio Google Analytics della societ\u00e0 Google, Inc. (di seguito &#8220;Google&#8221;) per la generazione di statistiche sull&#8217;utilizzo del portale web. <a href=\"http:\/\/www.google.com\/analytics\/terms\/it.html\" target=\"_blank\" rel=\"noopener\">Secondo i termini di servizio<\/a>.<\/p>\n<p>Per consultare l&#8217;informativa privacy della societ\u00e0 Google, relativa al servizio Google Analytics, si prega di visitare il sito Internet:<br \/>\n<a href=\"http:\/\/www.google.com\/intl\/en\/analytics\/privacyoverview.html\" target=\"_blank\" rel=\"noopener\">http:\/\/www.google.com\/intl\/en\/analytics\/privacyoverview.html<\/a><\/p>\n<p>Per conoscere le norme sulla privacy di Google, si invita a vistare il sito Internet<br \/>\n<a href=\"http:\/\/www.google.com\/intl\/it\/privacy\/privacy-policy.html\" target=\"_blank\" rel=\"noopener\">http:\/\/www.google.com\/intl\/it\/privacy\/privacy-policy.html<\/a><\/p>\n<h4><span style=\"color: #be945c;\">Altri cookie di terze parti<\/span><\/h4>\n<ul>\n<li>Facebook:\u00a0<a href=\"https:\/\/www.facebook.com\/\" target=\"_blank\" rel=\"noopener\">https:\/\/www.facebook.com\/<\/a><\/li>\n<li>Instagram:\u00a0<a href=\"https:\/\/www.instagram.com\/\" target=\"_blank\" rel=\"noopener\">https:\/\/www.instagram.com\/<\/a><\/li>\n<li>Pinterest:\u00a0<a href=\"https:\/\/it.pinterest.com\/\" target=\"_blank\" rel=\"noopener\">https:\/\/it.pinterest.com\/<\/a><\/li>\n<li>Youtube:\u00a0<a href=\"https:\/\/www.youtube.com\/\" target=\"_blank\" rel=\"noopener\">https:\/\/www.youtube.com\/<\/a><\/li>\n<\/ul>\n<p>&nbsp;<\/p>\n<h4><span style=\"color: #be945c;\">Durata dei cookie<\/span><\/h4>\n<p>I cookie hanno una durata dettata dalla data di scadenza (o da un&#8217;azione specifica come la chiusura del browser) impostata al momento dell&#8217;installazione.<br \/>\nI cookie possono essere:<\/p>\n<ul>\n<li>temporanei o di sessione (session cookie): sono utilizzati per archiviare informazioni temporanee, consentono di collegare le azioni eseguite durante una sessione specifica e vengono rimossi dal computer alla chiusura del browser;<\/li>\n<li>permanenti (persistent cookie): sono utilizzati per archiviare informazioni, ad esempio il nome e la password di accesso, in modo da evitare che l&#8217;utente debba digitarli nuovamente ogni volta che visita un sito specifico. Questi rimangono memorizzati nel computer anche dopo aver chiuso il browser.<\/li>\n<\/ul>\n<p>&nbsp;<\/p>\n<h4><span style=\"color: #be945c;\">Per saperne di pi\u00f9<\/span><\/h4>\n<p>Se vuoi saperne di pi\u00f9, puoi consultare i seguenti siti: <a href=\"http:\/\/www.garanteprivacy.it\/cookie\" target=\"_blank\" rel=\"noopener\">http:\/\/www.garanteprivacy.it\/cookie<\/a><\/p>\n<h4><span style=\"color: #be945c;\">Come disabilitare\/cancellare i cookie mediante configurazione del browser<\/span><\/h4>\n<p><span style=\"color: #be945c;\">Chrome<\/span><br \/>\n1. Eseguire il Browser Chrome<br \/>\n2. Fare click sul men\u00f9 presente nella barra degli strumenti del browser a fianco della finestra di inserimento url per la navigazione<br \/>\n3. Selezionare Impostazioni<br \/>\n4. Fare clic su Mostra Impostazioni Avanzate<br \/>\n5. Nella sezione \u201cPrivacy\u201d fare clic su bottone \u201cImpostazioni contenuti\u201c<br \/>\n6. Nella sezione \u201cCookie\u201d \u00e8 possibile modificare le seguenti impostazioni relative ai cookie:<br \/>\n\u2022 Consentire il salvataggio dei dati in locale<br \/>\n\u2022 Modificare i dati locali solo fino alla chiusura del browser<br \/>\n\u2022 Impedire ai siti di impostare i cookie<br \/>\n\u2022 Bloccare i cookie di terze parti e i dati dei siti<br \/>\n\u2022 Gestire le eccezioni per alcuni siti internet<br \/>\n\u2022 Eliminare uno o tutti i cookie<br \/>\nPer maggiori informazioni visita la pagina dedicata.<\/p>\n<p><span style=\"color: #be945c;\">Mozilla Firefox<\/span><br \/>\n1. Eseguire il Browser Mozilla Firefox<br \/>\n2. Fare click sul men\u00f9 presente nella barra degli strumenti del browser a fianco della finestra di inserimento url per la navigazione<br \/>\n3. Selezionare Opzioni<br \/>\n4. Selezionare il pannello Privacy<br \/>\n5. Fare clic su Mostra Impostazioni Avanzate<br \/>\n6. Nella sezione \u201cPrivacy\u201d fare clic su bottone \u201cImpostazioni contenuti\u201c<br \/>\n7. Nella sezione \u201cTracciamento\u201d \u00e8 possibile modificare le seguenti impostazioni relative ai cookie:<br \/>\n\u2022 Richiedi ai siti di non effettuare alcun tracciamento<br \/>\n\u2022 Comunica ai siti la disponibilit\u00e0 ad essere tracciato<br \/>\n\u2022 Non comunicare alcuna preferenza relativa al tracciamento dei dati personali<br \/>\n8. Dalla sezione \u201cCronologia\u201d \u00e8 possibile:<br \/>\n\u2022 Abilitando \u201cUtilizza impostazioni personalizzate\u201d selezionare di accettare i cookie di terze parti (sempre, dai siti pi\u00f9 visitato o mai) e di conservarli per un periodo determinato (fino alla loro scadenza, alla chiusura di Firefox o di chiedere ogni volta)<br \/>\n\u2022 Rimuovere i singoli cookie immagazzinati.<br \/>\nPer maggiori informazioni visita la pagina dedicata.<\/p>\n<p><span style=\"color: #be945c;\">Internet Explorer<\/span><br \/>\n1. Eseguire il Browser Internet Explorer<br \/>\n2. Fare click sul pulsante Strumenti e scegliere Opzioni Internet<br \/>\n3. Fare click sulla scheda Privacy e, nella sezione Impostazioni, modificare il dispositivo di scorrimento in funzione dell\u2019azione desiderata per i cookie:<br \/>\n\u2022 Bloccare tutti i cookie<br \/>\n\u2022 Consentire tutti i cookie<br \/>\n\u2022 Selezionare i siti da cui ottenere cookie: spostare il cursore in una posizione intermedia in modo da non bloccare o consentire tutti i cookie, premere quindi su Siti, nella casella Indirizzo Sito Web inserire un sito internet e quindi premere su Blocca o Consenti.<br \/>\nPer maggiori informazioni visita la pagina dedicata.<\/p>\n<p><span style=\"color: #be945c;\">Safari<\/span><br \/>\n1. Eseguire il Browser Safari<br \/>\n2. Fare click su Safari, selezionare Preferenze e premere su Privacy<br \/>\n3. Nella sezione Blocca Cookie specificare come Safari deve accettare i cookie dai siti internet.<br \/>\n4. Per visionare quali siti hanno immagazzinato i cookie cliccare su Dettagli<br \/>\nPer maggiori informazioni visita la pagina dedicata.<\/p>\n<p><span style=\"color: #be945c;\">Safari iOS (dispositivi mobile)<\/span><br \/>\n1. Eseguire il Browser Safari iOS<br \/>\n2. Tocca su Impostazioni e poi Safari 3. Tocca su Blocca Cookie e scegli tra le varie opzioni: \u201cMai\u201d, \u201cDi terze parti e inserzionisti\u201d o \u201cSempre\u201d<br \/>\n4. Per cancellare tutti i cookie immagazzinati da Safari, tocca su Impostazioni, poi su Safari e infine su Cancella Cookie e dati<br \/>\nPer maggiori informazioni visita la pagina dedicata.<br \/>\nOpera<br \/>\n1. Eseguire il Browser Opera<br \/>\n2. Fare click sul Preferenze poi su Avanzate e infine su Cookie<br \/>\n3. Selezionare una delle seguenti opzioni:<br \/>\n\u2022 Accetta tutti i cookie<br \/>\n\u2022 Accetta i cookie solo dal sito che si visita: i cookie di terze parti e quelli che vengono inviati da un dominio diverso da quello che si sta visitando verranno rifiutati<br \/>\n\u2022 Non accettare mai i cookie: tutti i cookie non verranno mai salvati. Per maggiori informazioni visita la pagina dedicata.[\/vc_column_text][vc_empty_space][\/vc_column][\/vc_row]<\/p>\n<\/section>","protected":false},"excerpt":{"rendered":"<p>[vc_row row_type=&#8221;row&#8221; use_row_as_full_screen_section=&#8221;no&#8221; type=&#8221;full_width&#8221; text_align=&#8221;left&#8221; css_animation=&#8221;&#8221;][vc_column][vc_column_text] Cookie e Privacy [\/vc_column_text][vc_empty_space height=&#8221;20px&#8221;][vc_column_text] Informativa sulla privacy Ai sensi dell&#8217;art. 13 del Dlgs n. 196 del 2003, La informiamo che: i dati da Lei conferiti verranno utilizzati al solo scopo di poter fornire le delucidazioni e\/o le informazioni&#8230;<\/p>\n","protected":false},"author":1,"featured_media":0,"parent":0,"menu_order":0,"comment_status":"closed","ping_status":"closed","template":"","meta":[],"yoast_head":"<!-- This site is optimized with the Yoast SEO plugin v19.10 - https:\/\/yoast.com\/wordpress\/plugins\/seo\/ -->\n<title>Info Cookie e Privacy - Agua Blue<\/title>\n<meta name=\"description\" content=\"Agua Blue, a new jewelry brand, for precious jewels that combine tradition and design with an all-Mediterranean soul.\" \/>\n<meta name=\"robots\" content=\"index, follow, max-snippet:-1, max-image-preview:large, max-video-preview:-1\" \/>\n<link rel=\"canonical\" href=\"https:\/\/mx1.sclakmail.com\/it\/info-cookie-e-privacy\/\" \/>\n<meta property=\"og:locale\" content=\"it_IT\" \/>\n<meta property=\"og:type\" content=\"article\" \/>\n<meta property=\"og:title\" content=\"Info Cookie e Privacy - Agua Blue\" \/>\n<meta property=\"og:description\" content=\"Agua Blue, a new jewelry brand, for precious jewels that combine tradition and design with an all-Mediterranean soul.\" \/>\n<meta property=\"og:url\" content=\"https:\/\/mx1.sclakmail.com\/it\/info-cookie-e-privacy\/\" \/>\n<meta property=\"og:site_name\" content=\"Agua Blue\" \/>\n<meta property=\"article:publisher\" content=\"https:\/\/www.facebook.com\/AguaBlueJewelry\/\" \/>\n<meta property=\"article:modified_time\" content=\"2018-11-01T14:31:38+00:00\" \/>\n<meta name=\"twitter:card\" content=\"summary_large_image\" \/>\n<meta name=\"twitter:label1\" content=\"Tempo di lettura stimato\" \/>\n\t<meta name=\"twitter:data1\" content=\"8 minuti\" \/>\n<script type=\"application\/ld+json\" class=\"yoast-schema-graph\">{\"@context\":\"https:\/\/schema.org\",\"@graph\":[{\"@type\":\"WebPage\",\"@id\":\"https:\/\/mx1.sclakmail.com\/it\/info-cookie-e-privacy\/\",\"url\":\"https:\/\/mx1.sclakmail.com\/it\/info-cookie-e-privacy\/\",\"name\":\"Info Cookie e Privacy - Agua Blue\",\"isPartOf\":{\"@id\":\"https:\/\/217.61.60.158:443\/#website\"},\"datePublished\":\"2017-02-05T10:55:26+00:00\",\"dateModified\":\"2018-11-01T14:31:38+00:00\",\"description\":\"Agua Blue, a new jewelry brand, for precious jewels that combine tradition and design with an all-Mediterranean soul.\",\"inLanguage\":\"it-IT\",\"potentialAction\":[{\"@type\":\"ReadAction\",\"target\":[\"https:\/\/mx1.sclakmail.com\/it\/info-cookie-e-privacy\/\"]}]},{\"@type\":\"WebSite\",\"@id\":\"https:\/\/217.61.60.158:443\/#website\",\"url\":\"https:\/\/217.61.60.158:443\/\",\"name\":\"Agua Blue\",\"description\":\"Fine Italian Jewelry\",\"publisher\":{\"@id\":\"https:\/\/217.61.60.158:443\/#organization\"},\"potentialAction\":[{\"@type\":\"SearchAction\",\"target\":{\"@type\":\"EntryPoint\",\"urlTemplate\":\"https:\/\/217.61.60.158:443\/?s={search_term_string}\"},\"query-input\":\"required name=search_term_string\"}],\"inLanguage\":\"it-IT\"},{\"@type\":\"Organization\",\"@id\":\"https:\/\/217.61.60.158:443\/#organization\",\"name\":\"Agua Blue\",\"url\":\"https:\/\/217.61.60.158:443\/\",\"logo\":{\"@type\":\"ImageObject\",\"inLanguage\":\"it-IT\",\"@id\":\"https:\/\/217.61.60.158:443\/#\/schema\/logo\/image\/\",\"url\":\"http:\/\/agua.blue\/wp-content\/uploads\/2018\/11\/cropped-cropped-agua_blue_logo_512x512.png\",\"contentUrl\":\"http:\/\/agua.blue\/wp-content\/uploads\/2018\/11\/cropped-cropped-agua_blue_logo_512x512.png\",\"width\":512,\"height\":512,\"caption\":\"Agua Blue\"},\"image\":{\"@id\":\"https:\/\/217.61.60.158:443\/#\/schema\/logo\/image\/\"},\"sameAs\":[\"https:\/\/www.instagram.com\/agua_blue_jewelry\/\",\"https:\/\/www.facebook.com\/AguaBlueJewelry\/\"]}]}<\/script>\n<!-- \/ Yoast SEO plugin. -->","yoast_head_json":{"title":"Info Cookie e Privacy - Agua Blue","description":"Agua Blue, a new jewelry brand, for precious jewels that combine tradition and design with an all-Mediterranean soul.","robots":{"index":"index","follow":"follow","max-snippet":"max-snippet:-1","max-image-preview":"max-image-preview:large","max-video-preview":"max-video-preview:-1"},"canonical":"https:\/\/mx1.sclakmail.com\/it\/info-cookie-e-privacy\/","og_locale":"it_IT","og_type":"article","og_title":"Info Cookie e Privacy - Agua Blue","og_description":"Agua Blue, a new jewelry brand, for precious jewels that combine tradition and design with an all-Mediterranean soul.","og_url":"https:\/\/mx1.sclakmail.com\/it\/info-cookie-e-privacy\/","og_site_name":"Agua Blue","article_publisher":"https:\/\/www.facebook.com\/AguaBlueJewelry\/","article_modified_time":"2018-11-01T14:31:38+00:00","twitter_card":"summary_large_image","twitter_misc":{"Tempo di lettura stimato":"8 minuti"},"schema":{"@context":"https:\/\/schema.org","@graph":[{"@type":"WebPage","@id":"https:\/\/mx1.sclakmail.com\/it\/info-cookie-e-privacy\/","url":"https:\/\/mx1.sclakmail.com\/it\/info-cookie-e-privacy\/","name":"Info Cookie e Privacy - Agua Blue","isPartOf":{"@id":"https:\/\/217.61.60.158:443\/#website"},"datePublished":"2017-02-05T10:55:26+00:00","dateModified":"2018-11-01T14:31:38+00:00","description":"Agua Blue, a new jewelry brand, for precious jewels that combine tradition and design with an all-Mediterranean soul.","inLanguage":"it-IT","potentialAction":[{"@type":"ReadAction","target":["https:\/\/mx1.sclakmail.com\/it\/info-cookie-e-privacy\/"]}]},{"@type":"WebSite","@id":"https:\/\/217.61.60.158:443\/#website","url":"https:\/\/217.61.60.158:443\/","name":"Agua Blue","description":"Fine Italian Jewelry","publisher":{"@id":"https:\/\/217.61.60.158:443\/#organization"},"potentialAction":[{"@type":"SearchAction","target":{"@type":"EntryPoint","urlTemplate":"https:\/\/217.61.60.158:443\/?s={search_term_string}"},"query-input":"required name=search_term_string"}],"inLanguage":"it-IT"},{"@type":"Organization","@id":"https:\/\/217.61.60.158:443\/#organization","name":"Agua Blue","url":"https:\/\/217.61.60.158:443\/","logo":{"@type":"ImageObject","inLanguage":"it-IT","@id":"https:\/\/217.61.60.158:443\/#\/schema\/logo\/image\/","url":"http:\/\/agua.blue\/wp-content\/uploads\/2018\/11\/cropped-cropped-agua_blue_logo_512x512.png","contentUrl":"http:\/\/agua.blue\/wp-content\/uploads\/2018\/11\/cropped-cropped-agua_blue_logo_512x512.png","width":512,"height":512,"caption":"Agua Blue"},"image":{"@id":"https:\/\/217.61.60.158:443\/#\/schema\/logo\/image\/"},"sameAs":["https:\/\/www.instagram.com\/agua_blue_jewelry\/","https:\/\/www.facebook.com\/AguaBlueJewelry\/"]}]}},"_links":{"self":[{"href":"https:\/\/agua.blue\/it\/wp-json\/wp\/v2\/pages\/384"}],"collection":[{"href":"https:\/\/agua.blue\/it\/wp-json\/wp\/v2\/pages"}],"about":[{"href":"https:\/\/agua.blue\/it\/wp-json\/wp\/v2\/types\/page"}],"author":[{"embeddable":true,"href":"https:\/\/agua.blue\/it\/wp-json\/wp\/v2\/users\/1"}],"replies":[{"embeddable":true,"href":"https:\/\/agua.blue\/it\/wp-json\/wp\/v2\/comments?post=384"}],"version-history":[{"count":0,"href":"https:\/\/agua.blue\/it\/wp-json\/wp\/v2\/pages\/384\/revisions"}],"wp:attachment":[{"href":"https:\/\/agua.blue\/it\/wp-json\/wp\/v2\/media?parent=384"}],"curies":[{"name":"wp","href":"https:\/\/api.w.org\/{rel}","templated":true}]}}