{"id":962,"date":"2018-11-01T14:56:49","date_gmt":"2018-11-01T13:56:49","guid":{"rendered":"https:\/\/agua.blue\/privacy-e-cookie\/"},"modified":"2018-11-01T15:35:00","modified_gmt":"2018-11-01T14:35:00","slug":"privacy-e-cookie","status":"publish","type":"page","link":"https:\/\/agua.blue\/it\/privacy-e-cookie\/","title":{"rendered":"Privacy e Cookie"},"content":{"rendered":"<section class=\"wpb-content-wrapper\"><p>[vc_row row_type=&#8221;row&#8221; use_row_as_full_screen_section=&#8221;no&#8221; type=&#8221;full_width&#8221; text_align=&#8221;left&#8221; background_animation=&#8221;none&#8221; css_animation=&#8221;&#8221;][vc_column][vc_column_text]<\/p>\n<h2>Area Legale<\/h2>\n<p>[\/vc_column_text][vc_empty_space height=&#8221;20px&#8221;][\/vc_column][\/vc_row][vc_row row_type=&#8221;row&#8221; use_row_as_full_screen_section=&#8221;no&#8221; type=&#8221;full_width&#8221; text_align=&#8221;left&#8221; background_animation=&#8221;none&#8221; css_animation=&#8221;&#8221;][vc_column width=&#8221;1\/4&#8243;][vc_column_text]<a href=\"https:\/\/agua.blue\/it\/termini-e-condizioni-duso\/\">Termini e condizioni d&#8217;uso<\/a><\/p>\n<p>&nbsp;<\/p>\n<p><strong>Privacy e Cookie<\/strong><\/p>\n<p>&nbsp;<\/p>\n<p><a href=\"https:\/\/agua.blue\/it\/termini-e-condizioni-di-vendita\/\">Termini e condizioni di vendita<\/a>[\/vc_column_text][\/vc_column][vc_column width=&#8221;3\/4&#8243;][vc_column_text]PRIVACY E COOKIE<\/p>\n<p>&nbsp;<\/p>\n<p><a href=\"https:\/\/agua.blue\/it\/info-cookie-e-privacy\/\"><strong>Dettagli tecnici<\/strong><\/a><\/p>\n<p>&nbsp;<\/p>\n<p>1. Informazioni fornite dall&#8217;Utente<\/p>\n<ol>\n<li>L\u2019Utente \u00e8 consapevole che la fornitura dei dati richiesti \u00e8 finalizzata a usufruire di servizi di commercio elettronico, per i quali \u00e8 necessaria la corretta identificazione delle parti del contratto.<\/li>\n<li>L\u2019Utente garantisce la veridicit\u00e0, la completezza e l\u2019aggiornamento dei dati forniti e si impegna a comunicare tempestivamente a Sandra Maria Infante al seguente indirizzo: info@agua.blue:8080, eventuali variazioni di tali dati. L\u2019Utente, pertanto, si impegna a non fornire dati o informazioni errate, false, relative ad altri soggetti o incomplete ed \u00e8 consapevole che eventuali inesattezze nelle informazioni fornite potrebbero comportare conseguenze dannose per s\u00e9 stesso, terzi e Sandra Maria Infante.<\/li>\n<\/ol>\n<p>&nbsp;<\/p>\n<p>2. I dati personali forniti dall&#8217;Utente a Sandra Maria Infante sono trattati conformemente a quanto previsto dalla normativa in materia di protezione dei dati personali (Codice Privacy, d. lgs. n. 196\/2003).<\/p>\n<p>&nbsp;<\/p>\n<p>3. Garanzia e manleva dell\u2019Utente \u2013 contenuti caricati dall\u2019Utente sul Sito<\/p>\n<ol>\n<li>L\u2019Utente si impegna ad utilizzare il Sito e i relativi servizi in modo lecito e con correttezza, nel rispetto di tutte le disposizioni normative vigenti.<\/li>\n<li>L\u2019Utente si impegna a utilizzare il Sito solo per scopi personali e non commerciali, imprenditoriali o professionali.<\/li>\n<li>L\u2019Utente concede a Sandra Maria Infante, che accetta, una licenza gratuita, non esclusiva, per tutto il mondo ed a tempo indeterminato ad utilizzare, riprodurre, modificare, pubblicare, commentare, tradurre, distribuire, eseguire, ed esporre le fotografie, informazioni, contenuti immessi dall\u2019Utente all\u2019interno del Sito singolarmente o come parti di altri lavori in qualsiasi forma, mezzo, veicolo di comunicazione, tecnologia sia che questa sia attualmente conosciuta o sviluppata in futuro, ivi incluso il diritto di sub licenziare tali diritti a qualsiasi soggetto. L\u2019Utente garantisce che qualsiasi fotografia, contenuto o informazione eventualmente immesse nel Sito sono di propria titolarit\u00e0 e comunque nella propria disponibilit\u00e0 giuridica, impegnandosi a manlevare e tenere indenne Sandra Maria Infante e tutti gli eventuali soggetti terzi da qualsiasi conseguenza pregiudizievole che dovesse derivare dall\u2019uso o dal mancato uso dei medesimi. L\u2019Utente garantisce, pertanto, che tali fotografie, contenuti e informazioni non violano diritti di terzi (inclusi diritti di propriet\u00e0 intellettuale, diritti di immagine, diritti sui dati personali), n\u00e9 disposizioni normative di alcun genere. L\u2019Utente dichiara di essere consapevole e garantisce altres\u00ec di aver ottenuto il preventivo consenso dei soggetti interessati eventualmente ritratti nelle fotografie, informazioni e contenuti inviati, con particolare riferimento all\u2019applicazione del D.Lgs. 196\/2003.<\/li>\n<\/ol>\n<p>&nbsp;<\/p>\n<p>4. Diritti di propriet\u00e0 intellettuale<\/p>\n<ol>\n<li>Ai fini del presente articolo per Sito si intendono le pagine web (singolarmente e complessivamente considerate, tanto nel loro aspetto esterno quanto nel loro contenuto interno) sotto il dominio agua.blue, i layout e i contenuti grafici, i codici html, l&#8217;impostazione e la struttura, l\u2019organizzazione, la scelta dei contenuti, il coordinamento, il look and feel, le tecnologie i programmi per elaboratore, i processi e i metodi utilizzati per il funzionamento del Sito e, in generale, gli elementi costitutivi di tale minisito.<\/li>\n<li>Ove non diversamente indicato, tutti i materiali e i documenti pubblicati sul Sito, di qualsiasi natura essi siano (e quindi, ad esempio, documenti sonori, video, fotografie, immagini singole o sequenze di immagini in movimento, disegni e cos\u00ec via) e, in generale, le informazioni e i contenuti del Sito diversi dagli elementi costitutivi del Sito sopra citati, sono di piena ed esclusiva propriet\u00e0 di Sandra Maria Infante, o comunque dei suoi aventi causa (inclusi gli Utenti), che detengono i relativi diritti d\u2019autore per tutto il mondo e per tutta la durata della protezione prevista dalla legge e qualsiasi loro utilizzo che non sia espressamente consentito \u00e8 da intendersi vietato.<\/li>\n<li>I marchi, le denominazioni e le ragioni sociali, i loghi, e, in generale, i segni distintivi utilizzati nel Sito sono di propriet\u00e0 piena ed esclusiva di Sandra Maria Infante e protetti ai sensi delle relative leggi applicabili. Qualsiasi riproduzione o utilizzo sono vietati.<\/li>\n<li>Sandra Maria Infante prega di inviare qualsiasi richiesta, comunicazione, segnalazione di violazione o domanda relativa all\u2019utilizzo dei materiali del Sito, incluse le immagini, al seguente recapito: info@agua.blue:8080<\/li>\n<\/ol>\n<p>&nbsp;<\/p>\n<p>5. Esclusione di garanzia e limitazione responsabilit\u00e0<\/p>\n<ol>\n<li>Il Sito e in generale i documenti e tutto quanto in esso contenuto sono offerti \u201ccos\u00ec come sono\u201d, nello stato di fatto e di diritto in cui si trovano (\u201cas is\u201d). Sandra Maria Infante non garantisce e non rilascia alcuna dichiarazione sulla precisione, affidabilit\u00e0 o completezza del Sito e dei servizi di e-commerce su questo disponibili.<\/li>\n<li>L\u2019accesso al Sito e l\u2019utilizzo dei relativi servizi e contenuti avvengono sotto l\u2019esclusiva responsabilit\u00e0 e sotto l\u2019esclusivo controllo dell\u2019Utente e, fatti salvi i limiti inderogabili di legge, nessuna responsabilit\u00e0 potr\u00e0 essere imputata in capo a Sandra Maria Infante, in caso di danni procurati dall&#8217;utilizzo o dal mancato utilizzo del Sito.<\/li>\n<li>Fatti salvi i limiti inderogabili di legge, Sandra Maria Infante non garantisce in alcun modo all\u2019Utente che l\u2019accesso e l\u2019utilizzo del Sito possano avvenire in maniera continua e senza interruzioni, sicura e priva di errori e declina qualsiasi responsabilit\u00e0 nei confronti dell\u2019Utente o di terzi per l\u2019impossibilit\u00e0 di accesso al Sito o l\u2019accesso incompleto o erroneo.<\/li>\n<\/ol>\n<p>&nbsp;<\/p>\n<p>6. Link<\/p>\n<ol>\n<li>Non \u00e8 consentito che le pagine del Sito vengano riferite o riprodotte, totalmente o parzialmente, all\u2019interno di altre pagine (framing), in maniera tale che non sia pi\u00f9 riconoscibile la fonte e i titolari dei diritti sui documenti.<\/li>\n<li>I siti Internet diversi dal Sito ai quali si pu\u00f2 accedere tramite i collegamenti (link) contenuti all\u2019interno della sezione stessa o del Sito sono al di fuori di qualsiasi controllo di Sandra Maria Infante la quale non potr\u00e0 essere ritenuta in alcun modo responsabile del contenuto di tali siti e dei servizi da questi offerti. L\u2019accesso a tali siti avviene sotto l\u2019esclusiva responsabilit\u00e0 dell\u2019Utente. In nessun caso detto accesso comporter\u00e0 l\u2019instaurazione di una relazione giuridica o commerciale con Sandra Maria Infante ovvero quest\u2019ultima potr\u00e0 essere ritenuta responsabile dei contenuti ivi immessi dall\u2019Utente.<\/li>\n<\/ol>\n<p>&nbsp;<\/p>\n<p>7. Cookies<\/p>\n<ol>\n<li>Il cookie \u00e8 un breve documento informatico (formato da una sequenza di lettere e numeri) che viene inviato dal Sito al terminale dell\u2019utente e qui memorizzato dal browser, cio\u00e8 il programma di navigazione Internet utilizzato (es. Internet Explorer, Mozilla, Chrome). Il cookie \u00e8 usato come strumento di informazione tra server web e browser e pu\u00f2 avere diverse caratteristiche e funzioni.<\/li>\n<li>In particolare, il Sito utilizza le seguenti tipologie di cookies: &#8211; \u201ccookies tecnici\u201d, necessari per il funzionamento del Sito e per soddisfare richieste dell\u2019utente: ad esempio cookies di sessione per contenuti multimediali, cookies di autenticazione per accedere a determinate sezioni del sito; tali cookies sono di sessione, e dunque rimangono nel terminale solo durante la navigazione del Sito e non vengono utilizzati per scopi commerciali; &#8211; \u201ccookies di analisi\u201d: trattasi di cookies che raccolgono informazioni sull\u2019utilizzo del sito: tali informazioni sono acquisite a fini meramente conoscitivi, non vengono abbinate all\u2019identit\u00e0 dell\u2019utente e servono per identificare le sezioni del Sito pi\u00f9 visitate e fornire cos\u00ec agli utenti informazioni utili e di maggiore interesse. Tali informazioni sono gli indirizzi IP del terminale degli utenti, gli indirizzi delle risorse del Sito richieste (es. le pagine web visitate), l\u2019orario della richiesta, il metodo utilizzato per sottoporre la richiesta al server, il browser utilizzato e altri parametri tecnici.<\/li>\n<li>L\u2019utente pu\u00f2 decidere liberamente se accettare o rifiutare, in tutto o in parte, i cookies del Sito, impostando il browser per la ricezione o il rifiuto dei cookies tramite le relative funzionalit\u00e0 del browser. Per maggiori informazioni \u00e8 consigliabile consultare la guida in linea del browser, generalmente accessibile dalla barra degli strumenti nella parte superiore della schermata. Se vengono disabilitati i cookies, alcune funzionalit\u00e0 del Sito potrebbero non essere utilizzabili. Anche con tutti i cookies disabilitati, il browser pu\u00f2 continuare a memorizzare alcune informazioni necessarie per l\u2019uso di base del Sito. Per eliminare i cookies dal browser e cancellare tutti i cookies che sono attualmente salvati sul computer reimpostare le impostazioni sulla privacy o selezionare \u201ccancella cookies\u201d. Per maggiori dettagli http:\/\/www.aboutcookies.org\/<\/li>\n<\/ol>\n<p>&nbsp;<\/p>\n<p>8. Informativa Privacy<\/p>\n<ol>\n<li>Ai sensi e per gli effetti di cui all&#8217;articolo 13 del Codice in materia di protezione dei dati personali (D.Lgs 196\/03, di seguito Codice Privacy) La informiamo in merito al trattamento dei Suoi dati personali conferiti all\u2019atto dell\u2019acquisto sul Sito che verr\u00e0 effettuato da Sandra Maria Infante per le finalit\u00e0 sotto indicate, sulla base del consenso espresso dall\u2019interessato. Il trattamento avverr\u00e0 in modo lecito e secondo correttezza, nel rispetto dei diritti e delle libert\u00e0 fondamentali dell\u2019interessato.<\/li>\n<li>Titolare del trattamento \u00e8 Sandra Maria Infante, con sede in Seregno (MB), e-mail info@agua.blue:8080, P.IVA 09456610964. Qualsiasi comunicazione inerente il trattamento dei Suoi dati personali (incluso l\u2019esercizio dei diritti previsti dall\u2019art. 7 del Codice Privacy), potr\u00e0 essere inviata presso il Titolare ai recapiti sopra indicati.<\/li>\n<li>I dati oggetto del trattamento sono dati personali ai sensi dell\u2019art. 4, lett. b) del Codice Privacy (\u201c\u00abdato personale\u00bb, qualunque informazione relativa a persona fisica, identificata o identificabile, anche indirettamente, mediante riferimento a qualsiasi altra informazione, ivi compreso un numero di identificazione personale\u201d). Sandra Maria Infante non tratta dati \u201csensibili\u201d di cui all\u2019art. 4, lett. d) del Codice Privacy n\u00e9 dati giudiziari.<\/li>\n<li>Il trattamento dei dati da Lei forniti avverr\u00e0 esclusivamente per le seguenti finalit\u00e0: perfezionamento del contratto di vendita, spedizione e consegna dei prodotti.<\/li>\n<li>Eventuali altre finalit\u00e0 (es. marketing, profilazione) saranno soggette ad apposita informativa e consenso. Il conferimento dei Suoi dati \u00e8 del tutto facoltativo. Il mancato conferimento dei dati impedisce l\u2019acquisto dei prodotti sul Sito.<\/li>\n<li>Il trattamento verr\u00e0 effettuato sia attraverso supporti cartacei che informatici e\/o telematici, anche tramite una o pi\u00f9 tecniche di comunicazione a distanza (ad esempio attraverso posta elettronica, telefono,fax), e in ogni caso attraverso modalit\u00e0 e procedure tali da garantirne la conformit\u00e0 alle misure di sicurezza e, in generale, alle disposizioni normative vigenti in materia. Si rende che il trattamento dei dati potr\u00e0 avvenire anche attraverso l\u2019uso di sistemi informatizzati inclusi sistemi di Customer Relationship Management sempre nell\u2019ambito delle finalit\u00e0 sopra indicate.<\/li>\n<li>Sandra Maria Infante, potr\u00e0 nominare appositi Responsabili e Incaricati al trattamento. In particolare, potranno essere nominati Responsabili del Trattamento societ\u00e0 esterne addette ad alcune operazioni delegate da Sandra Maria Infante, quali ad esempio i pagamenti e la consegna dei prodotti. L\u2019elenco completo e aggiornato dei Responsabili e degli Incaricati \u00e8 comunque disponibile e potr\u00e0 essere richiesto a Sandra Maria Infante presso i recapiti sopra indicati.<\/li>\n<li>In relazione al trattamento dei dati personali, Lei potr\u00e0 direttamente, in ogni momento, esercitare i diritti di cui all&#8217;art. 7 del Codice Privacy, rivolgendosi a Sandra Maria Infante o al Responsabile del Trattamento, presso i recapiti sopra indicati.<\/li>\n<li>Riportiamo di seguito per Sua conoscenza quanto previsto dall\u2019art. 7 del Codice Privacy.<br \/>\n\u201cArticolo 7 &#8211; Diritto di accesso ai dati personali ed altri diritti:<br \/>\n1.L&#8217;interessato ha diritto di ottenere la conferma dell&#8217;esistenza o meno di dati personali che lo riguardano, anche se non ancora registrati, e la loro comunicazione in forma intelligibile.<br \/>\n2.L&#8217;interessato ha diritto di ottenere l&#8217;indicazione:<br \/>\na) dell&#8217;origine dei dati personali;<br \/>\nb) delle finalit\u00e0 e modalit\u00e0 del trattamento;<br \/>\nc) della logica applicata in caso di trattamento effettuato con l&#8217;ausilio di strumenti elettronici;<br \/>\nd) degli estremi identificativi del titolare, dei responsabili e del rappresentante designato nel territorio dello Stato Italiano, ove previsto;<br \/>\ne) dei soggetti o delle categorie di soggetti ai quali i dati personali possono essere comunicati o che possono venirne a conoscenza in qualit\u00e0 di rappresentante designato nel territorio dello Stato Italiano, di responsabili o incaricati.<br \/>\n3. L&#8217;interessato ha diritto di ottenere:<br \/>\na) l&#8217;aggiornamento, la rettificazione ovvero, quando vi ha interesse, l&#8217;integrazione dei dati;<br \/>\nb) la cancellazione, la trasformazione in forma anonima o il blocco dei dati trattati in violazione di legge, compresi quelli di cui non \u00e8 necessaria la conservazione in relazione agli scopi per i quali i dati sono stati raccolti o successivamente trattati;<br \/>\nc) l&#8217;attestazione che le operazioni di cui alle precedenti lettere a) e b) sono state portate a conoscenza, anche per quanto riguarda il loro contenuto, di coloro ai quali i dati sono stati comunicati o diffusi, eccettuato il caso in cui tale adempimento si rivela impossibile o comporta un impiego di mezzi manifestamente sproporzionato rispetto al diritto tutelato.<br \/>\n4. L&#8217;interessato ha diritto di opporsi in tutto o in parte:<br \/>\na) per motivi legittimi al trattamento dei dati personali che lo riguardano, ancorch\u00e9 pertinenti allo scopo della raccolta;<br \/>\nb) al trattamento di dati personali che lo riguardano a fini di invio di materiale pubblicitario o di vendita diretta o per il compimento di ricerche di mercato o di comunicazione commerciale.&#8221;<br \/>\nL&#8217;esercizio dei diritti di cui sopra pu\u00f2 essere esercitato direttamente o conferendo, per iscritto, delega o procura a persone fisiche o ad associazioni.&#8221;<\/li>\n<\/ol>\n<p>&nbsp;<\/p>\n<p>9. Comunicazioni<\/p>\n<ol>\n<li>Le eventuali comunicazioni all\u2019Utente saranno inviate da Sandra Maria Infante e dai soggetti da questa incaricati all\u2019indirizzo di posta elettronica indicato dagli Utenti al momento dell\u2019acquisto, ovvero agli altri recapiti eventualmente indicati, e saranno ritenute come effettuate al momento in cui sono inviate all\u2019indirizzo di posta elettronica sopraindicato o agli altri recapiti indicati dall\u2019Utente.<\/li>\n<li>Legge applicabile e foro competente<\/li>\n<li>Le presenti Condizioni, la loro applicazione e le attivit\u00e0 connesse alla Registrazione al Sito sono disciplinate dalla legge italiana.<\/li>\n<li>Foro esclusivamente competente per qualsiasi controversia relativa alle presenti Condizioni, alla registrazione e all\u2019utilizzo del Sito \u00e8 quello di Monza.<\/li>\n<\/ol>\n<p>[\/vc_column_text][\/vc_column][\/vc_row]<\/p>\n<\/section>","protected":false},"excerpt":{"rendered":"<p>[vc_row row_type=&#8221;row&#8221; use_row_as_full_screen_section=&#8221;no&#8221; type=&#8221;full_width&#8221; text_align=&#8221;left&#8221; background_animation=&#8221;none&#8221; css_animation=&#8221;&#8221;][vc_column][vc_column_text] Area Legale [\/vc_column_text][vc_empty_space height=&#8221;20px&#8221;][\/vc_column][\/vc_row][vc_row row_type=&#8221;row&#8221; use_row_as_full_screen_section=&#8221;no&#8221; type=&#8221;full_width&#8221; text_align=&#8221;left&#8221; background_animation=&#8221;none&#8221; css_animation=&#8221;&#8221;][vc_column width=&#8221;1\/4&#8243;][vc_column_text]Termini e condizioni d&#8217;uso &nbsp; Privacy e Cookie &nbsp; Termini e condizioni di vendita[\/vc_column_text][\/vc_column][vc_column width=&#8221;3\/4&#8243;][vc_column_text]PRIVACY E COOKIE &nbsp; Dettagli tecnici &nbsp; 1. Informazioni fornite dall&#8217;Utente L\u2019Utente \u00e8 consapevole&#8230;<\/p>\n","protected":false},"author":1,"featured_media":0,"parent":0,"menu_order":0,"comment_status":"closed","ping_status":"closed","template":"","meta":[],"yoast_head":"<!-- This site is optimized with the Yoast SEO plugin v19.10 - https:\/\/yoast.com\/wordpress\/plugins\/seo\/ -->\n<title>Privacy e Cookie - Agua Blue<\/title>\n<meta name=\"description\" content=\"Agua Blue, a new jewelry brand, for precious jewels that combine tradition and design with an all-Mediterranean soul.\" \/>\n<meta name=\"robots\" content=\"index, follow, max-snippet:-1, max-image-preview:large, max-video-preview:-1\" \/>\n<link rel=\"canonical\" href=\"https:\/\/217.61.60.158\/it\/privacy-e-cookie\/\" \/>\n<meta property=\"og:locale\" content=\"it_IT\" \/>\n<meta property=\"og:type\" content=\"article\" \/>\n<meta property=\"og:title\" content=\"Privacy e Cookie - Agua Blue\" \/>\n<meta property=\"og:description\" content=\"Agua Blue, a new jewelry brand, for precious jewels that combine tradition and design with an all-Mediterranean soul.\" \/>\n<meta property=\"og:url\" content=\"https:\/\/217.61.60.158\/it\/privacy-e-cookie\/\" \/>\n<meta property=\"og:site_name\" content=\"Agua Blue\" \/>\n<meta property=\"article:publisher\" content=\"https:\/\/www.facebook.com\/AguaBlueJewelry\/\" \/>\n<meta property=\"article:modified_time\" content=\"2018-11-01T14:35:00+00:00\" \/>\n<meta name=\"twitter:card\" content=\"summary_large_image\" \/>\n<meta name=\"twitter:label1\" content=\"Tempo di lettura stimato\" \/>\n\t<meta name=\"twitter:data1\" content=\"12 minuti\" \/>\n<script type=\"application\/ld+json\" class=\"yoast-schema-graph\">{\"@context\":\"https:\/\/schema.org\",\"@graph\":[{\"@type\":\"WebPage\",\"@id\":\"https:\/\/217.61.60.158\/it\/privacy-e-cookie\/\",\"url\":\"https:\/\/217.61.60.158\/it\/privacy-e-cookie\/\",\"name\":\"Privacy e Cookie - Agua Blue\",\"isPartOf\":{\"@id\":\"https:\/\/217.61.60.158:443\/#website\"},\"datePublished\":\"2018-11-01T13:56:49+00:00\",\"dateModified\":\"2018-11-01T14:35:00+00:00\",\"description\":\"Agua Blue, a new jewelry brand, for precious jewels that combine tradition and design with an all-Mediterranean soul.\",\"inLanguage\":\"it-IT\",\"potentialAction\":[{\"@type\":\"ReadAction\",\"target\":[\"https:\/\/217.61.60.158\/it\/privacy-e-cookie\/\"]}]},{\"@type\":\"WebSite\",\"@id\":\"https:\/\/217.61.60.158:443\/#website\",\"url\":\"https:\/\/217.61.60.158:443\/\",\"name\":\"Agua Blue\",\"description\":\"Fine Italian Jewelry\",\"publisher\":{\"@id\":\"https:\/\/217.61.60.158:443\/#organization\"},\"potentialAction\":[{\"@type\":\"SearchAction\",\"target\":{\"@type\":\"EntryPoint\",\"urlTemplate\":\"https:\/\/217.61.60.158:443\/?s={search_term_string}\"},\"query-input\":\"required name=search_term_string\"}],\"inLanguage\":\"it-IT\"},{\"@type\":\"Organization\",\"@id\":\"https:\/\/217.61.60.158:443\/#organization\",\"name\":\"Agua Blue\",\"url\":\"https:\/\/217.61.60.158:443\/\",\"logo\":{\"@type\":\"ImageObject\",\"inLanguage\":\"it-IT\",\"@id\":\"https:\/\/217.61.60.158:443\/#\/schema\/logo\/image\/\",\"url\":\"http:\/\/agua.blue\/wp-content\/uploads\/2018\/11\/cropped-cropped-agua_blue_logo_512x512.png\",\"contentUrl\":\"http:\/\/agua.blue\/wp-content\/uploads\/2018\/11\/cropped-cropped-agua_blue_logo_512x512.png\",\"width\":512,\"height\":512,\"caption\":\"Agua Blue\"},\"image\":{\"@id\":\"https:\/\/217.61.60.158:443\/#\/schema\/logo\/image\/\"},\"sameAs\":[\"https:\/\/www.instagram.com\/agua_blue_jewelry\/\",\"https:\/\/www.facebook.com\/AguaBlueJewelry\/\"]}]}<\/script>\n<!-- \/ Yoast SEO plugin. -->","yoast_head_json":{"title":"Privacy e Cookie - Agua Blue","description":"Agua Blue, a new jewelry brand, for precious jewels that combine tradition and design with an all-Mediterranean soul.","robots":{"index":"index","follow":"follow","max-snippet":"max-snippet:-1","max-image-preview":"max-image-preview:large","max-video-preview":"max-video-preview:-1"},"canonical":"https:\/\/217.61.60.158\/it\/privacy-e-cookie\/","og_locale":"it_IT","og_type":"article","og_title":"Privacy e Cookie - Agua Blue","og_description":"Agua Blue, a new jewelry brand, for precious jewels that combine tradition and design with an all-Mediterranean soul.","og_url":"https:\/\/217.61.60.158\/it\/privacy-e-cookie\/","og_site_name":"Agua Blue","article_publisher":"https:\/\/www.facebook.com\/AguaBlueJewelry\/","article_modified_time":"2018-11-01T14:35:00+00:00","twitter_card":"summary_large_image","twitter_misc":{"Tempo di lettura stimato":"12 minuti"},"schema":{"@context":"https:\/\/schema.org","@graph":[{"@type":"WebPage","@id":"https:\/\/217.61.60.158\/it\/privacy-e-cookie\/","url":"https:\/\/217.61.60.158\/it\/privacy-e-cookie\/","name":"Privacy e Cookie - Agua Blue","isPartOf":{"@id":"https:\/\/217.61.60.158:443\/#website"},"datePublished":"2018-11-01T13:56:49+00:00","dateModified":"2018-11-01T14:35:00+00:00","description":"Agua Blue, a new jewelry brand, for precious jewels that combine tradition and design with an all-Mediterranean soul.","inLanguage":"it-IT","potentialAction":[{"@type":"ReadAction","target":["https:\/\/217.61.60.158\/it\/privacy-e-cookie\/"]}]},{"@type":"WebSite","@id":"https:\/\/217.61.60.158:443\/#website","url":"https:\/\/217.61.60.158:443\/","name":"Agua Blue","description":"Fine Italian Jewelry","publisher":{"@id":"https:\/\/217.61.60.158:443\/#organization"},"potentialAction":[{"@type":"SearchAction","target":{"@type":"EntryPoint","urlTemplate":"https:\/\/217.61.60.158:443\/?s={search_term_string}"},"query-input":"required name=search_term_string"}],"inLanguage":"it-IT"},{"@type":"Organization","@id":"https:\/\/217.61.60.158:443\/#organization","name":"Agua Blue","url":"https:\/\/217.61.60.158:443\/","logo":{"@type":"ImageObject","inLanguage":"it-IT","@id":"https:\/\/217.61.60.158:443\/#\/schema\/logo\/image\/","url":"http:\/\/agua.blue\/wp-content\/uploads\/2018\/11\/cropped-cropped-agua_blue_logo_512x512.png","contentUrl":"http:\/\/agua.blue\/wp-content\/uploads\/2018\/11\/cropped-cropped-agua_blue_logo_512x512.png","width":512,"height":512,"caption":"Agua Blue"},"image":{"@id":"https:\/\/217.61.60.158:443\/#\/schema\/logo\/image\/"},"sameAs":["https:\/\/www.instagram.com\/agua_blue_jewelry\/","https:\/\/www.facebook.com\/AguaBlueJewelry\/"]}]}},"_links":{"self":[{"href":"https:\/\/agua.blue\/it\/wp-json\/wp\/v2\/pages\/962"}],"collection":[{"href":"https:\/\/agua.blue\/it\/wp-json\/wp\/v2\/pages"}],"about":[{"href":"https:\/\/agua.blue\/it\/wp-json\/wp\/v2\/types\/page"}],"author":[{"embeddable":true,"href":"https:\/\/agua.blue\/it\/wp-json\/wp\/v2\/users\/1"}],"replies":[{"embeddable":true,"href":"https:\/\/agua.blue\/it\/wp-json\/wp\/v2\/comments?post=962"}],"version-history":[{"count":0,"href":"https:\/\/agua.blue\/it\/wp-json\/wp\/v2\/pages\/962\/revisions"}],"wp:attachment":[{"href":"https:\/\/agua.blue\/it\/wp-json\/wp\/v2\/media?parent=962"}],"curies":[{"name":"wp","href":"https:\/\/api.w.org\/{rel}","templated":true}]}}