{"id":981,"date":"2018-11-01T15:38:08","date_gmt":"2018-11-01T14:38:08","guid":{"rendered":"https:\/\/agua.blue\/termini-e-condizioni-duso\/"},"modified":"2018-11-01T15:38:09","modified_gmt":"2018-11-01T14:38:09","slug":"termini-e-condizioni-duso","status":"publish","type":"page","link":"https:\/\/agua.blue\/it\/termini-e-condizioni-duso\/","title":{"rendered":"Termini e condizioni d&#8217;uso"},"content":{"rendered":"<section class=\"wpb-content-wrapper\"><p>[vc_row row_type=&#8221;row&#8221; use_row_as_full_screen_section=&#8221;no&#8221; type=&#8221;full_width&#8221; text_align=&#8221;left&#8221; css_animation=&#8221;&#8221;][vc_column][vc_column_text]<\/p>\n<h2>Area Legale<\/h2>\n<p>[\/vc_column_text][vc_empty_space height=&#8221;20px&#8221;][\/vc_column][\/vc_row][vc_row row_type=&#8221;row&#8221; use_row_as_full_screen_section=&#8221;no&#8221; type=&#8221;full_width&#8221; text_align=&#8221;left&#8221; css_animation=&#8221;&#8221;][vc_column width=&#8221;1\/4&#8243;][vc_column_text]<strong>Termini condizioni d&#8217;uso<\/strong><\/p>\n<p>&nbsp;<\/p>\n<p><a href=\"https:\/\/agua.blue\/it\/privacy-e-cookie\/\">Privacy e Cookie<\/a><\/p>\n<p>&nbsp;<\/p>\n<p><a href=\"https:\/\/agua.blue\/it\/termini-e-condizioni-di-vendita\/\">Termini e condizioni di vendita<\/a>[\/vc_column_text][\/vc_column][vc_column width=&#8221;3\/4&#8243;][vc_column_text]CONDIZIONI GENERALI D\u2019UTILIZZO<\/p>\n<p>&nbsp;<\/p>\n<p>Questo sito web (\u201cSito Web\u201d) \u00e8 creato da Sandra Maria Infante (\u201cAgua Blue\u201d), titolare del marchio \u201cAgua Blue\u201d. L\u2019accesso e l\u2019utilizzo di questo Sito Web \u00e8 soggetto ai termini e alle condizioni seguenti (\u201cCondizioni\u201d). Agua Blue si riserva il diritto di modificare periodicamente le Condizioni. Le modifiche saranno efficaci dalla data della loro registrazione sul Sito Web. L\u2019uso di questo Sito Web implica l\u2019accettazione delle Condizioni. Se ne consiglia pertanto un\u2019attenta lettura. In caso di mancata accettazione di tali Condizioni, il Sito Web non deve essere utilizzato. Resta inteso che per \u201cSito Web\u201d si intendono le pagine web (singolarmente e complessivamente considerate, tanto nel loro aspetto esterno quanto nel loro contenuto interno) sotto il dominio agua.blue, i layout e i contenuti grafici, i codici html, l\u2019impostazione e la struttura, l\u2019organizzazione, la scelta dei contenuti, il coordinamento, il look and feel, le tecnologie ed i programmi per elaboratore, i processi e i metodi utilizzati per il funzionamento del Sito Web e, in generale, gli elementi costitutivi del Sito Web.<\/p>\n<p>&nbsp;<\/p>\n<p>USO DEI MATERIALI<\/p>\n<p>&nbsp;<\/p>\n<p>Agua Blue mantiene questo Sito Web per fornire informazioni. I materiali ed i documenti contenuti e pubblicati in questo Sito Web (\u201cMateriali Agua Blue\u201d), di qualsiasi natura essi siano, sono resi pubblici solo a fini informativi o promozionali e ove non diversamente indicato sono di piena ed esclusiva propriet\u00e0 di Agua Blue o comunque dei suoi aventi causa, che detengono i diritti d\u2019autore per tutto il mondo e per tutta la durata della protezione prevista dalla legge; qualsiasi loro utilizzo che non sia espressamente previsto \u00e8 da considerarsi vietato. Questo Sito Web deve essere utilizzato esclusivamente per uso privato, personale e non commerciale. I Materiali Agua Blue presenti in questo Sito Web possono essere scaricati o copiati solo per un uso personale non commerciale. Sui Materiali Agua Blue scaricati o copiati non si ottiene alcun diritto, titolo o interesse. Il Sito Web, il materiale ivi contenuto e i software ad esso relativi non possono essere riprodotti (salvo che per un uso personale non commerciale), pubblicati, trasmessi, distribuiti, esposti, rimossi, cancellati, aggiunti, altrimenti modificati, utilizzati per dare origine ad opere derivate, venduti o acquistati. \u00c8 proibito ogni altro uso del materiale presente su questo Sito Web, inclusa la riproduzione per fini diversi dall\u2019utilizzo personale non commerciale, la modifica, la distribuzione o la ripubblicazione, salvo l\u2019espresso consenso scritto di Agua Blue. Inoltre, non \u00e8 permesso l\u2019uso o la messa in mostra, per qualsiasi scopo, dei Materiali Agua Blue su altri siti web o su computer collegati tramite rete. Nel caso di violazione delle Condizioni, il permesso ad utilizzare il Materiale Agua Blue cessa e, sar\u00e0 onere dell\u2019utente provvedere all\u2019immediata distruzione di qualsiasi copia del suddetto Materiale Agua Blue. L\u2019uso non autorizzato dei Materiali Agua Blue pu\u00f2 comportare violazione delle disposizioni normative a tutela del diritto d\u2019autore e dei marchi nonch\u00e9 della normativa sulla privacy, sulla pubblicit\u00e0 e sull\u2019informazione. \u00c8 assolutamente vietata la creazione di un link al Sito Web Agua Blue sul sito web di terze parti senza il previo consenso scritto di Agua Blue.<\/p>\n<p>&nbsp;<\/p>\n<p>TRASMISSIONI TRAMITE IL SITO WEB<\/p>\n<p>&nbsp;<\/p>\n<p>Tutte le comunicazioni o il materiale trasmesso al Sito Web tramite posta elettronica o con qualsiasi altro mezzo, fatti salvi dati personali identificabili, e inclusi a titolo esemplificativo ma non esaustivo tutti i dati, le domande o risposte, i commenti e i suggerimenti sono trattati da Agua Blue come non confidenziali e non di propriet\u00e0 esclusiva dell\u2019utente. Inserendo comunicazioni sul Sito Web, si concede automaticamente a Agua Blue una licenza gratuita, perpetua, irrevocabile e non esclusiva ad utilizzare, riprodurre, modificare, pubblicare, commentare, tradurre, distribuire, eseguire, ed esporre tali comunicazioni singolarmente o come parti di altri lavori in qualsiasi forma, mezzo, veicolo di comunicazione, tecnologia sia che questa sia attualmente conosciuta o sviluppata in futuro, ivi incluso il diritto di sub licenziare tali diritti a qualsiasi soggetto. Qualsiasi informazione che venga trasmessa o inserita pu\u00f2 essere utilizzata da Agua Blue a qualsiasi fine ivi incluso ma non limitato alla riproduzione, divulgazione, trasmissione, pubblicazione, emissione e registrazione ovvero allo sviluppo, produzione, marketing di prodotti.<\/p>\n<p>&nbsp;<\/p>\n<p>DICHIARAZIONE SULLA PRIVACY<\/p>\n<p>&nbsp;<\/p>\n<p>Agua Blue riconosce l\u2019importanza rivestita dalla tutela della Privacy relativa alle informazioni personali ed economiche dei suoi clienti. Pertanto, Agua Blue ha predisposto una rigida politica relativa alla tutela della privacy nel pieno rispetto delle previsioni della legge italiana.<\/p>\n<p>&nbsp;<\/p>\n<p>DISCLAIMER \u2013 NESSUNA GARANZIA E LIMITAZIONI DI RESPONSABILIT\u00c0<\/p>\n<p>&nbsp;<\/p>\n<p>Le informazioni contenute in questo Sito Web sono pubblicate esclusivamente a titolo di informazioni generali. Il materiale presente su questo Sito Web pu\u00f2 contenere delle imprecisioni o errori ortografici. Agua Blue non pu\u00f2 essere in nessun caso considerato responsabile per qualsiasi perdita o danno, causato o derivante dall\u2019affidamento riposto dagli utenti sulle informazioni ottenute da o attraverso il Sito Web. \u00c8 responsabilit\u00e0 dell\u2019utente valutare le informazioni e i vari contenuti presenti nel Sito Web. Il Sito Web, il materiale e le informazioni in esso contenute sono soggette a modifiche, periodicamente e in ogni momento, senza necessit\u00e0 di un previo o successivo avviso. Agua Blue non offre garanzia di alcun tipo, espressa o implicita in relazione al Sito Web o alle informazioni, elementi, software o materiali ivi contenuti e declina espressamente ogni responsabilit\u00e0 con riferimento a quanto sopra; di conseguenza Agua Blue non potr\u00e0 essere considerato responsabile, per alcun motivo, causa o titolo per qualsiasi danno, di ogni tipo ed entit\u00e0, diretto o indiretto, derivante o connesso con l\u2019utilizzo, impossibilit\u00e0 di utilizzo o esecuzione delle informazioni, elementi e materiali contenuti nel Sito Web, anche nel caso in cui Agua Blue fosse consapevole della possibile produzione di danni. Senza limitazioni a quanto sopra specificato, ogni informazione, materiale o contenuto presente nel sito \u00e8 fornito \u201cCOME APPARE\u201d E \u201cCOME DISPONIBILE\u201d SENZA ALCUNA GARANZIA DI ALCUN TIPO, ESPRESSA O IMPLICITA, INCLUSA MA NON LIMITATA A QUALSIASI GARANZIA DI COMMERCIABILIT\u00c0, QUALIT\u00c0 SODDISFACENTE, APPROPRIATEZZA PER UN PARTICOLARE SCOPO, RAGIONEVOLE CURA E CAPACIT\u00c0 O ASSENZA DI VIOLAZIONE. Utilizzando le informazioni, gli elementi o i materiali contenuti nel Sito Web l\u2019utente \u00e8 il solo responsabile per ogni eventuale perdita, costo, spesa o danno, diretto o indiretto, di ogni tipo ed entit\u00e0, derivante da o relativo all&#8217;utilizzo del Sito Web. L\u2019utente pertanto \u00e8 obbligato a indennizzare e tenere indenne Agua Blue da ogni tipo di richiesta di risarcimento danni, perdite, costi e spese, ivi incluse spese legali, causate o comunque collegate all&#8217;utilizzo del Sito Web.<\/p>\n<p>&nbsp;<\/p>\n<p>MARCHI<\/p>\n<p>&nbsp;<\/p>\n<p>I marchi e loghi (qui di seguito collettivamente i \u201cMarchi\u201d) presenti sul Sito Web sono Marchi registrati o non registrati di Sandra Maria Infante o sono Marchi licenziati a Sandra Maria Infante da terze parti. Quanto contenuto in questo Sito Web non pu\u00f2 essere in alcun modo interpretato quale concessione, implicita o altrimenti, di alcuna licenza o diritto di utilizzare i Marchi presenti sul Sito Web, senza accordo scritto di Sandra Maria Infante o delle terze parti proprietarie dei marchi. L\u2019utilizzo illecito o illegittimo dei Marchi presenti sul Sito Web, o di ogni altro contenuto del Sito Web, fatto salvo quanto espressamente previsto in questa sede, \u00e8 strettamente proibito.<\/p>\n<p>&nbsp;<\/p>\n<p>COPYRIGHT<\/p>\n<p>&nbsp;<\/p>\n<p>Tutti i contenuti di questo Sito Web sono: Copyright \u00a9 Sandra Maria Infante. Tutti i diritti sono riservati.<\/p>\n<p>&nbsp;<\/p>\n<p>LINKS<\/p>\n<p>&nbsp;<\/p>\n<p>Su questo sito possono essere offerti all&#8217;utente links per altri siti gestiti da operatori diversi da Agua Blue. L\u2019inclusione di eventuali links in tali siti non significa che la suddetta inclusione e i suddetti siti siano stati approvati da Agua Blue. Agua Blue non ha esaminato tutti i siti collegati al suo Sito Web e non \u00e8 responsabile del contenuto o accuratezza delle pagine non appartenenti al Sito Web o comunque in relazione a qualsiasi altro sito collegato al suo Sito Web. La scelta di collegarsi a pagine non contenute nel Sito Web o ad altri siti \u00e8 ad esclusivo rischio dell\u2019utente.<\/p>\n<p>&nbsp;<\/p>\n<p>DISDETTA<\/p>\n<p>&nbsp;<\/p>\n<p>Agua Blue, con o senza preavviso, pu\u00f2 porre fine all&#8217;utilizzo del Sito Web da parte dell\u2019utente per qualsiasi motivo ovvero qualora ritenga che quest\u2019ultimo abbia violato o agito incoerentemente con il contenuto o lo spirito delle Condizioni o che abbia violato i diritti di Agua Blue o di terze parti. Agua Blue pu\u00f2 modificare o interrompere questo Sito Web, senza preavviso. Agua Blue non \u00e8 responsabile nei confronti degli utenti o di terze parti per le conseguenze arrecate dalle suddette modifiche o interruzioni. Le previsioni contenute nella sezione \u201cDisclaimer \u2013 Nessuna garanzia e limitazioni di responsabilit\u00e0\u201d saranno applicabili anche dopo la scadenza di queste Condizioni.<\/p>\n<p>&nbsp;<\/p>\n<p>PREVISIONI GENERALI<\/p>\n<p>&nbsp;<\/p>\n<p>Salvo diversa previsione, le informazioni e i materiali contenuti nel Sito Web sono pubblicati al solo scopo di promuovere i prodotti e i servizi di Agua Blue. Agua Blue non dichiara che il Materiale Agua Blue \u00e8 adeguato o disponibile in ogni paese del mondo. L\u2019uso di questo Sito Web \u00e8 ad esclusivo rischio dell\u2019utente che si assume la responsabilit\u00e0 di rispettare la legge locale applicabile, tenendo presente che l\u2019accesso al Materiale Agua Blue potrebbe essere non legittimo se effettuato da parte di alcune persone o in alcuni paesi. I nostri prodotti tuttavia sono disponibili in molte parti del mondo. Peraltro, questo Sito Web potrebbe fornire la descrizione di prodotti che non sono disponibili in tutto il mondo.<\/p>\n<p>&nbsp;<\/p>\n<p>LEGGE APPLICABILE \u2013 CONTROVERSIE<\/p>\n<p>&nbsp;<\/p>\n<p>I termini e le condizioni contenute in questo Sito Web sono interpretate e disciplinate dalla legge italiana con esclusione della normativa relativa al conflitto tra le leggi applicabili. Qualsiasi controversia nascente dall&#8217;interpretazione e dall&#8217;applicazione dai presenti termini e condizioni o dall&#8217;uso di questo Sito Web sar\u00e0 di competenza esclusiva del Tribunale di Monza &#8211; Italia. Con l\u2019utilizzo di questo Sito Web l\u2019utente accetta la giurisdizione e la sede di tale Tribunale.<\/p>\n<p>&nbsp;<\/p>\n<p>RESPONSABILIT\u00c0 AMMINISTRATIVA DELLE PERSONE GIURIDICHE<\/p>\n<p>&nbsp;<\/p>\n<p>Agua Blue nello svolgimento della propria attivit\u00e0 imprenditoriale, pone massima attenzione al rispetto della normativa internazionale e nazionale, ed in particolare ai dettami del D.Lgs. 231\/01, ed esige e si attende analogo rispetto da parte dei soggetti che a qualunque titolo intrattengano con la stessa rapporti commerciali o professionali, considerando, anzi, tale rispetto prerequisito e condizione essenziale e determinante per l\u2019instaurazione e il mantenimento dei rapporti medesimi.[\/vc_column_text][\/vc_column][\/vc_row]<\/p>\n<\/section>","protected":false},"excerpt":{"rendered":"<p>[vc_row row_type=&#8221;row&#8221; use_row_as_full_screen_section=&#8221;no&#8221; type=&#8221;full_width&#8221; text_align=&#8221;left&#8221; css_animation=&#8221;&#8221;][vc_column][vc_column_text] Area Legale [\/vc_column_text][vc_empty_space height=&#8221;20px&#8221;][\/vc_column][\/vc_row][vc_row row_type=&#8221;row&#8221; use_row_as_full_screen_section=&#8221;no&#8221; type=&#8221;full_width&#8221; text_align=&#8221;left&#8221; css_animation=&#8221;&#8221;][vc_column width=&#8221;1\/4&#8243;][vc_column_text]Termini condizioni d&#8217;uso &nbsp; Privacy e Cookie &nbsp; Termini e condizioni di vendita[\/vc_column_text][\/vc_column][vc_column width=&#8221;3\/4&#8243;][vc_column_text]CONDIZIONI GENERALI D\u2019UTILIZZO &nbsp; Questo sito web (\u201cSito Web\u201d) \u00e8 creato da Sandra Maria Infante (\u201cAgua Blue\u201d),&#8230;<\/p>\n","protected":false},"author":1,"featured_media":0,"parent":0,"menu_order":0,"comment_status":"closed","ping_status":"closed","template":"","meta":[],"yoast_head":"<!-- This site is optimized with the Yoast SEO plugin v19.10 - https:\/\/yoast.com\/wordpress\/plugins\/seo\/ -->\n<title>Termini e condizioni d&#039;uso - Agua Blue<\/title>\n<meta name=\"description\" content=\"Agua Blue, a new jewelry brand, for precious jewels that combine tradition and design with an all-Mediterranean soul.\" \/>\n<meta name=\"robots\" content=\"index, follow, max-snippet:-1, max-image-preview:large, max-video-preview:-1\" \/>\n<link rel=\"canonical\" href=\"https:\/\/mx2.iperhome.com\/it\/termini-e-condizioni-duso\/\" \/>\n<meta property=\"og:locale\" content=\"it_IT\" \/>\n<meta property=\"og:type\" content=\"article\" \/>\n<meta property=\"og:title\" content=\"Termini e condizioni d&#039;uso - Agua Blue\" \/>\n<meta property=\"og:description\" content=\"Agua Blue, a new jewelry brand, for precious jewels that combine tradition and design with an all-Mediterranean soul.\" \/>\n<meta property=\"og:url\" content=\"https:\/\/mx2.iperhome.com\/it\/termini-e-condizioni-duso\/\" \/>\n<meta property=\"og:site_name\" content=\"Agua Blue\" \/>\n<meta property=\"article:publisher\" content=\"https:\/\/www.facebook.com\/AguaBlueJewelry\/\" \/>\n<meta property=\"article:modified_time\" content=\"2018-11-01T14:38:09+00:00\" \/>\n<meta name=\"twitter:card\" content=\"summary_large_image\" \/>\n<meta name=\"twitter:label1\" content=\"Tempo di lettura stimato\" \/>\n\t<meta name=\"twitter:data1\" content=\"9 minuti\" \/>\n<script type=\"application\/ld+json\" class=\"yoast-schema-graph\">{\"@context\":\"https:\/\/schema.org\",\"@graph\":[{\"@type\":\"WebPage\",\"@id\":\"https:\/\/mx2.iperhome.com\/it\/termini-e-condizioni-duso\/\",\"url\":\"https:\/\/mx2.iperhome.com\/it\/termini-e-condizioni-duso\/\",\"name\":\"Termini e condizioni d'uso - Agua Blue\",\"isPartOf\":{\"@id\":\"https:\/\/217.61.60.158:443\/#website\"},\"datePublished\":\"2018-11-01T14:38:08+00:00\",\"dateModified\":\"2018-11-01T14:38:09+00:00\",\"description\":\"Agua Blue, a new jewelry brand, for precious jewels that combine tradition and design with an all-Mediterranean soul.\",\"inLanguage\":\"it-IT\",\"potentialAction\":[{\"@type\":\"ReadAction\",\"target\":[\"https:\/\/mx2.iperhome.com\/it\/termini-e-condizioni-duso\/\"]}]},{\"@type\":\"WebSite\",\"@id\":\"https:\/\/217.61.60.158:443\/#website\",\"url\":\"https:\/\/217.61.60.158:443\/\",\"name\":\"Agua Blue\",\"description\":\"Fine Italian Jewelry\",\"publisher\":{\"@id\":\"https:\/\/217.61.60.158:443\/#organization\"},\"potentialAction\":[{\"@type\":\"SearchAction\",\"target\":{\"@type\":\"EntryPoint\",\"urlTemplate\":\"https:\/\/217.61.60.158:443\/?s={search_term_string}\"},\"query-input\":\"required name=search_term_string\"}],\"inLanguage\":\"it-IT\"},{\"@type\":\"Organization\",\"@id\":\"https:\/\/217.61.60.158:443\/#organization\",\"name\":\"Agua Blue\",\"url\":\"https:\/\/217.61.60.158:443\/\",\"logo\":{\"@type\":\"ImageObject\",\"inLanguage\":\"it-IT\",\"@id\":\"https:\/\/217.61.60.158:443\/#\/schema\/logo\/image\/\",\"url\":\"http:\/\/agua.blue\/wp-content\/uploads\/2018\/11\/cropped-cropped-agua_blue_logo_512x512.png\",\"contentUrl\":\"http:\/\/agua.blue\/wp-content\/uploads\/2018\/11\/cropped-cropped-agua_blue_logo_512x512.png\",\"width\":512,\"height\":512,\"caption\":\"Agua Blue\"},\"image\":{\"@id\":\"https:\/\/217.61.60.158:443\/#\/schema\/logo\/image\/\"},\"sameAs\":[\"https:\/\/www.instagram.com\/agua_blue_jewelry\/\",\"https:\/\/www.facebook.com\/AguaBlueJewelry\/\"]}]}<\/script>\n<!-- \/ Yoast SEO plugin. -->","yoast_head_json":{"title":"Termini e condizioni d'uso - Agua Blue","description":"Agua Blue, a new jewelry brand, for precious jewels that combine tradition and design with an all-Mediterranean soul.","robots":{"index":"index","follow":"follow","max-snippet":"max-snippet:-1","max-image-preview":"max-image-preview:large","max-video-preview":"max-video-preview:-1"},"canonical":"https:\/\/mx2.iperhome.com\/it\/termini-e-condizioni-duso\/","og_locale":"it_IT","og_type":"article","og_title":"Termini e condizioni d'uso - Agua Blue","og_description":"Agua Blue, a new jewelry brand, for precious jewels that combine tradition and design with an all-Mediterranean soul.","og_url":"https:\/\/mx2.iperhome.com\/it\/termini-e-condizioni-duso\/","og_site_name":"Agua Blue","article_publisher":"https:\/\/www.facebook.com\/AguaBlueJewelry\/","article_modified_time":"2018-11-01T14:38:09+00:00","twitter_card":"summary_large_image","twitter_misc":{"Tempo di lettura stimato":"9 minuti"},"schema":{"@context":"https:\/\/schema.org","@graph":[{"@type":"WebPage","@id":"https:\/\/mx2.iperhome.com\/it\/termini-e-condizioni-duso\/","url":"https:\/\/mx2.iperhome.com\/it\/termini-e-condizioni-duso\/","name":"Termini e condizioni d'uso - Agua Blue","isPartOf":{"@id":"https:\/\/217.61.60.158:443\/#website"},"datePublished":"2018-11-01T14:38:08+00:00","dateModified":"2018-11-01T14:38:09+00:00","description":"Agua Blue, a new jewelry brand, for precious jewels that combine tradition and design with an all-Mediterranean soul.","inLanguage":"it-IT","potentialAction":[{"@type":"ReadAction","target":["https:\/\/mx2.iperhome.com\/it\/termini-e-condizioni-duso\/"]}]},{"@type":"WebSite","@id":"https:\/\/217.61.60.158:443\/#website","url":"https:\/\/217.61.60.158:443\/","name":"Agua Blue","description":"Fine Italian Jewelry","publisher":{"@id":"https:\/\/217.61.60.158:443\/#organization"},"potentialAction":[{"@type":"SearchAction","target":{"@type":"EntryPoint","urlTemplate":"https:\/\/217.61.60.158:443\/?s={search_term_string}"},"query-input":"required name=search_term_string"}],"inLanguage":"it-IT"},{"@type":"Organization","@id":"https:\/\/217.61.60.158:443\/#organization","name":"Agua Blue","url":"https:\/\/217.61.60.158:443\/","logo":{"@type":"ImageObject","inLanguage":"it-IT","@id":"https:\/\/217.61.60.158:443\/#\/schema\/logo\/image\/","url":"http:\/\/agua.blue\/wp-content\/uploads\/2018\/11\/cropped-cropped-agua_blue_logo_512x512.png","contentUrl":"http:\/\/agua.blue\/wp-content\/uploads\/2018\/11\/cropped-cropped-agua_blue_logo_512x512.png","width":512,"height":512,"caption":"Agua Blue"},"image":{"@id":"https:\/\/217.61.60.158:443\/#\/schema\/logo\/image\/"},"sameAs":["https:\/\/www.instagram.com\/agua_blue_jewelry\/","https:\/\/www.facebook.com\/AguaBlueJewelry\/"]}]}},"_links":{"self":[{"href":"https:\/\/agua.blue\/it\/wp-json\/wp\/v2\/pages\/981"}],"collection":[{"href":"https:\/\/agua.blue\/it\/wp-json\/wp\/v2\/pages"}],"about":[{"href":"https:\/\/agua.blue\/it\/wp-json\/wp\/v2\/types\/page"}],"author":[{"embeddable":true,"href":"https:\/\/agua.blue\/it\/wp-json\/wp\/v2\/users\/1"}],"replies":[{"embeddable":true,"href":"https:\/\/agua.blue\/it\/wp-json\/wp\/v2\/comments?post=981"}],"version-history":[{"count":0,"href":"https:\/\/agua.blue\/it\/wp-json\/wp\/v2\/pages\/981\/revisions"}],"wp:attachment":[{"href":"https:\/\/agua.blue\/it\/wp-json\/wp\/v2\/media?parent=981"}],"curies":[{"name":"wp","href":"https:\/\/api.w.org\/{rel}","templated":true}]}}