{"id":983,"date":"2018-11-01T15:39:07","date_gmt":"2018-11-01T14:39:07","guid":{"rendered":"https:\/\/agua.blue\/termini-e-condizioni-di-vendita\/"},"modified":"2018-11-01T15:40:22","modified_gmt":"2018-11-01T14:40:22","slug":"termini-e-condizioni-di-vendita","status":"publish","type":"page","link":"https:\/\/agua.blue\/it\/termini-e-condizioni-di-vendita\/","title":{"rendered":"Termini e condizioni di vendita"},"content":{"rendered":"<section class=\"wpb-content-wrapper\"><p>[vc_row row_type=&#8221;row&#8221; use_row_as_full_screen_section=&#8221;no&#8221; type=&#8221;full_width&#8221; text_align=&#8221;left&#8221; css_animation=&#8221;&#8221;][vc_column][vc_column_text]<\/p>\n<h2>Area Legale<\/h2>\n<p>[\/vc_column_text][vc_empty_space height=&#8221;20px&#8221;][\/vc_column][\/vc_row][vc_row row_type=&#8221;row&#8221; use_row_as_full_screen_section=&#8221;no&#8221; type=&#8221;full_width&#8221; text_align=&#8221;left&#8221; css_animation=&#8221;&#8221;][vc_column width=&#8221;1\/4&#8243;][vc_column_text]<a href=\"https:\/\/agua.blue\/it\/termini-e-condizioni-duso\/\">Termini e condizioni d&#8217;uso<\/a><\/p>\n<p>&nbsp;<\/p>\n<p><a href=\"https:\/\/agua.blue\/it\/privacy-e-cookie\/\">Privacy e Cookie<\/a><\/p>\n<p>&nbsp;<\/p>\n<p><strong>Termini e condizioni di vendita<\/strong>[\/vc_column_text][\/vc_column][vc_column width=&#8221;3\/4&#8243;][vc_column_text]TERMINI E CONDIZIONI DI VENDITA<\/p>\n<p>&nbsp;<\/p>\n<p>Si informa il Cliente che la vendita si conclude presso i locali dell&#8217;azienda.<\/p>\n<p>&nbsp;<\/p>\n<p>1. Oggetto delle presenti Condizioni Generali<\/p>\n<ol>\n<li>Le presenti Condizioni Generali di Vendita (\u201cCondizioni Generali\u201d) definiscono i termini e le condizioni di vendita tra Sandra Maria Infante, titolare del sito internet agua.blue (\u201cil Sito\u201d) e il soggetto che utilizza il Sito, che agisce per scopi personali e non professionali (\u201cCliente\u201d) e che intende acquistare i prodotti offerti da Sandra Maria Infante.<\/li>\n<li>Le presenti Condizioni Generali hanno ad oggetto la vendita a distanza via internet al dettaglio a soggetti consumatori di Prodotti.<\/li>\n<li>Venditore \u00e8 Sandra Maria Infante, C.F. NFNSDR67B44C351G e P. IVA 09456610964 con sede in Seregno (MB), viale Santuario 20. Cliente \u00e8 un consumatore che ha compiuto 18 anni di et\u00e0 ed \u00e8 residente nei Paesi in cui il sito \u00e8 abilitato alla vendita online. Sandra Maria Infante non consegna i Prodotti in Paesi diversi da quelli indicati. Non tutti i Prodotti possono essere disponibili all\u2019acquisto nel Paese del visitatore del Sito.<\/li>\n<li>Le presenti Condizioni Generali possono essere modificate in qualsiasi momento. Tra le Parti far\u00e0 fede la versione delle Condizioni Generali pubblicate al momento della conclusione del Contratto. Sandra Maria Infante non potr\u00e0 in nessun caso essere ritenuto vincolato a condizioni inviate dal Cliente o comunque diverse dalle presenti. I prezzi, i Prodotti sul Sito e le caratteristiche degli stessi sono soggetti a variazioni senza preavviso.<\/li>\n<li>L\u2019accettazione delle presenti Condizioni da parte del Cliente \u00e8 indispensabile per il completamento della procedura di acquisto dei Prodotti.<\/li>\n<\/ol>\n<p>&nbsp;<\/p>\n<p>2. Conclusione ed esecuzione del Contratto \u2013 mancata disponibilit\u00e0 del Prodotto<\/p>\n<ol>\n<li>Per effettuare l\u2019acquisto, il Cliente deve scegliere il Prodotto da acquistare e inserirlo nella apposita sezione del Sito \u201cCarrello\u201d, dove verranno visualizzati le caratteristiche dei Prodotti, il prezzo, l\u2019IVA applicabile e se previsto le spese di spedizione e i tempi di consegna previsti. L\u2019accesso al Sito, cos\u00ec come l\u2019utilizzo del servizio di e-commerce sono totalmente gratuiti, restando a carico del Cliente esclusivamente i costi e gli oneri per le attrezzature e i collegamenti informatici necessari per usufruire dei servizi di e-commerce.<\/li>\n<li>L\u2019invio dell\u2019ordine avviene a seguito dell\u2019inserimento nell\u2019apposita sezione destinata al pagamento, dei dati di spedizione e dei dati necessari per effettuare il pagamento, richiesti dall\u2019intermediario incaricato. Tali dati potranno essere modificati fino al momento in cui verr\u00e0 selezionato l\u2019apposito pulsante \u201cAcquista\u201d. Il pagamento verr\u00e0 effettuato tramite carta di credito, PayPal o Bonifico Bancario (se previsto) e l\u2019addebito avverr\u00e0 di regola entro i termini indicati dal servizio di pagamento utilizzato. Con l\u2019invio dell\u2019ordine il Cliente acconsente espressamente all\u2019uso da parte di Sandra Maria Infante della posta elettronica, dell\u2019indirizzo, del telefono e del fax in relazione alla conclusione ed esecuzione del contratto.<\/li>\n<li>Sandra Maria Infante invier\u00e0 al Cliente una e-mail di conferma dell\u2019ordine, contenente le condizioni di vendita e l\u2019ordine effettuato. L\u2019ordine del Consumatore e la conferma dell\u2019ordine con le relative Condizioni Generali applicabili sono archiviate elettronicamente da Sandra Maria Infante e il Consumatore potr\u00e0 richiederne copia inviando una comunicazione via e-mail a Sandra Maria Infante all\u2019indirizzo info@agua.blue:8080<\/li>\n<li>Il contratto di vendita del Prodotto si intende concluso nel momento in cui Sandra Maria Infante riceve il pagamento del prezzo da parte del Cliente.<\/li>\n<li>La validit\u00e0 del contratto \u00e8 subordinata alla disponibilit\u00e0 del Prodotto. Nel caso in cui il Prodotto non sia pi\u00f9 disponibile, Sandra Maria Infante lo comunicher\u00e0 al Cliente entro i 20 giorni dal ricevimento dell\u2019Ordine e si riserva la facolt\u00e0 di risolvere il contratto di vendita, restituendo al Cliente l\u2019intero prezzo pagato, senza alcun ulteriore addebito od onere di sorta a carico di Sandra Maria Infante.<\/li>\n<li>L\u2019Ordine che viene visualizzato dal Cliente e inviato via email da Sandra Maria Infante riporta tutti gli elementi essenziali. Il Cliente \u00e8 tenuto a controllare l\u2019Ordine e verificare che le informazioni contenute siano corrette e complete.<\/li>\n<\/ol>\n<p>&nbsp;<\/p>\n<p>3. Consegna e Spedizione dei Prodotti<\/p>\n<ol>\n<li>Sandra Maria Infante consegna al Cliente il Prodotto entro il termine indicato nel Sito e riportato nella conferma d\u2019ordine presso l\u2019indirizzo indicato dal Cliente. Le spese di spedizione sono a carico di Sandra Maria Infante, secondo quanto evidenziato al momento dell\u2019Ordine e nella conferma d\u2019Ordine. Per i Paesi diversi dall&#8217;Italia tutte le eventuali spese relative a Tasse e Oneri Doganali sono a carico del Cliente e dovranno essere corrisposte al corriere al momento della consegna.<\/li>\n<li>La spedizione e la consegna del Prodotto saranno effettuate con le modalit\u00e0 e con i tempi indicati nella conferma d\u2019ordine. In caso di mancata indicazione nel Contratto, la consegna avverr\u00e0 entro i 30 (trenta) giorni successivi a quello in cui il Cliente ha trasmesso l\u2019ordine.<\/li>\n<li>Il Prodotto verr\u00e0 consegnato nel luogo indicato dal Cliente per la consegna e il Cliente \u00e8 tenuto a ricevere il Prodotto e agevolare la consegna, conformemente a quanto indicato nell&#8217;ordine. Nel caso di rifiuto immotivato a ricevere in consegna il Prodotto, Sandra Maria Infante avr\u00e0 diritto di risolvere il Contratto, fatto salvo il risarcimento dei danni patiti (incluse le eventuali spese di deposito dei Prodotti).<\/li>\n<li>Al momento della consegna il Cliente \u00e8 tenuto a verificare l\u2019integrit\u00e0, la quantit\u00e0 e la tipologia dei Prodotti consegnati, il fatto che siano conformi a quelli ordinati e quanto previsto dal Contratto, il fatto che l\u2019imballo sia integro e non danneggiato, effettuando le verifiche che \u00e8 possibile svolgere in base all&#8217;ordinaria diligenza e contestando immediatamente al corriere con annotazione sulla bolla di consegna eventuali vizi o difformit\u00e0 rispetto all&#8217;ordine.<\/li>\n<\/ol>\n<p>&nbsp;<\/p>\n<p>4. Corrispettivo<\/p>\n<ol>\n<li>Il Prezzo finale \u00e8 comprensivo di IVA (dove previsto), include le spese di spedizione e le eventuali spese inerenti l\u2019utilizzo del mezzo di pagamento prescelto dal Cliente. Sono escluse tutte le eventuali spese relative a Tasse e Oneri Doganali (dove richieste) che il Cliente dovr\u00e0 corrispondere al corriere al momento della consegna.<\/li>\n<li>Il Cliente \u00e8 tenuto ad effettuare il pagamento a favore di Sandra Maria Infante attraverso la modalit\u00e0 di pagamento messa a disposizione all\u2019interno del Sito. La consegna dei Prodotti verr\u00e0 effettuata soltanto dopo l\u2019avvenuto pagamento.<\/li>\n<\/ol>\n<p>&nbsp;<\/p>\n<p>5. Altri obblighi del Cliente<\/p>\n<ol>\n<li>Il Cliente \u00e8 tenuto a garantire la veridicit\u00e0 dei propri dati forniti nel corso della procedura prevista per la stipulazione del Contratto. Il Cliente si impegna a comunicare tempestivamente a Sandra Maria Infante eventuali variazioni relative ai propri dati personali forniti nel corso del Contratto, inviando apposita comunicazione a Sandra Maria Infante.<\/li>\n<\/ol>\n<p>&nbsp;<\/p>\n<p>6. Garanzia e Limitazione di Responsabilit\u00e0 di Sandra Maria Infante<\/p>\n<ol>\n<li>Nei confronti dei Clienti \u201cconsumatori\u201d si applicano le disposizioni relative ai \u201cbeni di consumo\u201d di cui al Codice del Consumo (D.Lgs. 206 del 6 settembre 2005), ed in particolare la garanzia legale di conformit\u00e0 di cui all\u2019art. 129, nonch\u00e9 le vigenti disposizioni applicabili in materia. In particolare caso di difetto di conformit\u00e0 dei Prodotti non derivanti dall\u2019uso normale del Prodotto, il Cliente ha diritto al ripristino, senza spese, della conformit\u00e0 del Prodotto a spese di Sandra Maria Infante mediante riparazione o sostituzione, a scelta del Cliente consumatore, salvo che il rimedio richiesto sia oggettivamente impossibile o eccessivamente oneroso rispetto all\u2019altro. In alternativa il Cliente consumatore ha il diritto di richiedere, sempre a sua scelta, una congrua riduzione del prezzo o la risoluzione del contratto ove ricorra una delle seguenti situazioni:<br \/>\na) la riparazione e la sostituzione sono impossibili o eccessivamente onerose;<br \/>\nb) Sandra Maria Infante non ha provveduto alla riparazione o alla sostituzione entro un congruo termine;<br \/>\nc) la sostituzione o la riparazione precedentemente effettuata ha arrecato notevoli inconvenienti al consumatore. Il Consumatore \u00e8 tenuto a denunciare, a mezzo di raccomandata A.R., a Sandra Maria Infante il difetto di conformit\u00e0 entro il termine perentorio di due mesi dalla data della scoperta del difetto. Sandra Maria Infante \u00e8 responsabile quando il difetto di conformit\u00e0 si manifesta entro il termine di due anni dalla consegna. In ogni caso l\u2019azione diretta a far valere i difetti non dolosamente occultati da Sandra Maria Infante si prescrive nel termine di legge dalla consegna del bene, fatta salva la possibilit\u00e0 di far valere il difetto di conformit\u00e0 in via di eccezione nel caso in cui il Cliente consumatore sia convenuto per l\u2019esecuzione del Contratto, purch\u00e9 il difetto sia stato denunciato entro i termini sopra indicati.<\/li>\n<li>La garanzia \u00e8 valida a condizione che i Prodotti siano utilizzati correttamente, nel rispetto delle relative istruzioni d\u2019uso e raccomandazioni, e previa esibizione del Cliente della documentazione di consegna e del numero d\u2019ordine. Fatte salve le limitazioni inderogabili previste dalla legge, Sandra Maria Infante non offre alcuna garanzia o dichiarazione di conformit\u00e0 dei Prodotti ulteriore rispetto a quanto espressamente indicato sul Sito, compresa la conformit\u00e0 dei Prodotti a requisiti tecnici, di qualit\u00e0 o a standard di qualsiasi natura, a fini specifici o particolari.<\/li>\n<\/ol>\n<p>&nbsp;<\/p>\n<p>7. Diritto di recesso del Cliente<\/p>\n<ol>\n<li>Ai sensi degli art. 52 e ss. del Codice del Consumo, il Cliente che sia qualificabile come \u201cconsumatore\u201d ai sensi del Codice del Consumo ha diritto di recedere discrezionalmente dal Contratto, senza alcuna penalit\u00e0 e senza specificarne il motivo, entro il termine di 14 (quattordici) giorni lavorativi decorrenti dal giorno della consegna dei Prodotti.<\/li>\n<li>Il Cliente consumatore potr\u00e0 esercitare tale diritto facilmente inviando una email all\u2019indirizzo recesso@agua.blue:8080<\/li>\n<li>In caso di esercizio del diritto di recesso, i Prodotti dovranno essere restituiti presso la sede di Sandra Maria Infante a tale scopo indicata nelle loro condizioni originali, complete di tutte le loro parti, accessori, documentazione e con il relativo imballo, che dovr\u00e0 essere mantenuto, per quanto possibile, integro.<\/li>\n<li>Le spese per la restituzione dei Prodotti saranno a esclusivo carico del Cliente e saranno comunicate al Cliente anticipatamente, cos\u00ec come la responsabilit\u00e0 dei Prodotti fino all\u2019avvenuta riconsegna a Sandra Maria Infante.<\/li>\n<li>Entro i 14 (quattordici) giorni successivi dalla riconsegna dei Prodotti, Sandra Maria Infante provveder\u00e0 a rimborsare il prezzo al Cliente, al netto delle spese di riconsegna sopra indicate.<\/li>\n<li>Salvo diverso accordo fra le parti, il Cliente non pu\u00f2 esercitare il diritto di recesso, tra l\u2019altro, nei seguenti casi:<br \/>\n&#8211; la fornitura di beni confezionati su misura o chiaramente personalizzati o che, per loro natura, non possono essere rispediti o rischiano di deteriorarsi e\/o alterarsi rapidamente;<br \/>\n&#8211; in tutti gli altri casi previsti dalla legge, con particolare riferimento all\u2019art. 59 del Codice del Consumo. \u00c8 comunque escluso il diritto di recesso qualora il Prodotto sia stato manipolato in modo diverso da quanto strettamente necessario per stabilirne la natura, le caratteristiche e il funzionamento.<\/li>\n<\/ol>\n<p>&nbsp;<\/p>\n<p>8. Comunicazioni<\/p>\n<ol>\n<li>AI fini del Contratto la forma scritta comprende qualsiasi comunicazione con mezzi elettronici che consenta una registrazione durevole del suo contenuto (come, ad esempio, i messaggi di posta elettronica e le pagine html).<\/li>\n<\/ol>\n<p>&nbsp;<\/p>\n<p>9. Conservazione del Contratto<\/p>\n<ol>\n<li>Il Contratto e i relativi documenti di ordine sono memorizzati, conservati e archiviati da Sandra Maria Infante presso la propria sede, per gli adempimenti necessari per l\u2019esecuzione del Contratto, nonch\u00e9 per i relativi adempimenti e le prescrizioni richieste dalla legge, nel rispetto del Codice Privacy (D. Lgs. n. 196\/2003).<\/li>\n<li>Il Cliente potr\u00e0 richiedere di accedere e prendere visione di tali documenti, previa richiesta scritta da inviare a Sandra Maria Infante almeno 7 giorni lavorativi precedenti a mezzo di raccomandata A\/R. Il Cliente pu\u00f2 richiedere a Sandra Maria Infante che venga fornita una copia in formato elettronico e\/o cartaceo del Contratto, a fronte del pagamento del costo della riproduzione e del supporto fornito.<\/li>\n<li>In ogni caso il Cliente \u00e8 tenuto a memorizzare, conservare e archiviare una copia sia elettronica che cartacea del Contratto.<\/li>\n<\/ol>\n<p>&nbsp;<\/p>\n<p>10. Trattamento dei dati personali<\/p>\n<ol>\n<li>Il trattamento dei dati personali forniti dal Cliente avverr\u00e0 in conformit\u00e0 alle disposizioni del D. Lgs. 30 giugno 2003, n. 196 (\u201cCodice in materia di protezione dei dati personali\u201d) e sue successive modificazioni ed integrazioni. A tale fine, Sandra Maria Infante fornisce al Cliente apposita informativa sempre disponibile sul Sito.<\/li>\n<\/ol>\n<p>&nbsp;<\/p>\n<p>11. Legge applicabile<\/p>\n<ol>\n<li>Le presenti Condizioni Generali e il relativo Contratto di vendita concluso tra Sandra Maria Infante e il Cliente sono disciplinate dalla legge italiana e, in particolare, dal D. Lgs. n. 70\/2003 sul commercio elettronico nonch\u00e9, con riferimento ai soli Clienti consumatori, come sopra definiti all\u2019art. 1, il D.Lgs. n. 206\/2005 (Codice del consumo), salve disposizioni inderogabili della legge del Paese di residenza del Cliente che siano eventualmente applicabili.<\/li>\n<\/ol>\n<p>[\/vc_column_text][\/vc_column][\/vc_row]<\/p>\n<\/section>","protected":false},"excerpt":{"rendered":"<p>[vc_row row_type=&#8221;row&#8221; use_row_as_full_screen_section=&#8221;no&#8221; type=&#8221;full_width&#8221; text_align=&#8221;left&#8221; css_animation=&#8221;&#8221;][vc_column][vc_column_text] Area Legale [\/vc_column_text][vc_empty_space height=&#8221;20px&#8221;][\/vc_column][\/vc_row][vc_row row_type=&#8221;row&#8221; use_row_as_full_screen_section=&#8221;no&#8221; type=&#8221;full_width&#8221; text_align=&#8221;left&#8221; css_animation=&#8221;&#8221;][vc_column width=&#8221;1\/4&#8243;][vc_column_text]Termini e condizioni d&#8217;uso &nbsp; Privacy e Cookie &nbsp; Termini e condizioni di vendita[\/vc_column_text][\/vc_column][vc_column width=&#8221;3\/4&#8243;][vc_column_text]TERMINI E CONDIZIONI DI VENDITA &nbsp; Si informa il Cliente che la vendita si conclude presso&#8230;<\/p>\n","protected":false},"author":1,"featured_media":0,"parent":0,"menu_order":0,"comment_status":"closed","ping_status":"closed","template":"","meta":[],"yoast_head":"<!-- This site is optimized with the Yoast SEO plugin v19.10 - https:\/\/yoast.com\/wordpress\/plugins\/seo\/ -->\n<title>Termini e condizioni di vendita - Agua Blue<\/title>\n<meta name=\"description\" content=\"Agua Blue, a new jewelry brand, for precious jewels that combine tradition and design with an all-Mediterranean soul.\" \/>\n<meta name=\"robots\" content=\"index, follow, max-snippet:-1, max-image-preview:large, max-video-preview:-1\" \/>\n<link rel=\"canonical\" href=\"https:\/\/mx2.myelkronhome.com\/it\/termini-e-condizioni-di-vendita\/\" \/>\n<meta property=\"og:locale\" content=\"it_IT\" \/>\n<meta property=\"og:type\" content=\"article\" \/>\n<meta property=\"og:title\" content=\"Termini e condizioni di vendita - Agua Blue\" \/>\n<meta property=\"og:description\" content=\"Agua Blue, a new jewelry brand, for precious jewels that combine tradition and design with an all-Mediterranean soul.\" \/>\n<meta property=\"og:url\" content=\"https:\/\/mx2.myelkronhome.com\/it\/termini-e-condizioni-di-vendita\/\" \/>\n<meta property=\"og:site_name\" content=\"Agua Blue\" \/>\n<meta property=\"article:publisher\" content=\"https:\/\/www.facebook.com\/AguaBlueJewelry\/\" \/>\n<meta property=\"article:modified_time\" content=\"2018-11-01T14:40:22+00:00\" \/>\n<meta name=\"twitter:card\" content=\"summary_large_image\" \/>\n<meta name=\"twitter:label1\" content=\"Tempo di lettura stimato\" \/>\n\t<meta name=\"twitter:data1\" content=\"11 minuti\" \/>\n<script type=\"application\/ld+json\" class=\"yoast-schema-graph\">{\"@context\":\"https:\/\/schema.org\",\"@graph\":[{\"@type\":\"WebPage\",\"@id\":\"https:\/\/mx2.myelkronhome.com\/it\/termini-e-condizioni-di-vendita\/\",\"url\":\"https:\/\/mx2.myelkronhome.com\/it\/termini-e-condizioni-di-vendita\/\",\"name\":\"Termini e condizioni di vendita - Agua Blue\",\"isPartOf\":{\"@id\":\"https:\/\/217.61.60.158:443\/#website\"},\"datePublished\":\"2018-11-01T14:39:07+00:00\",\"dateModified\":\"2018-11-01T14:40:22+00:00\",\"description\":\"Agua Blue, a new jewelry brand, for precious jewels that combine tradition and design with an all-Mediterranean soul.\",\"inLanguage\":\"it-IT\",\"potentialAction\":[{\"@type\":\"ReadAction\",\"target\":[\"https:\/\/mx2.myelkronhome.com\/it\/termini-e-condizioni-di-vendita\/\"]}]},{\"@type\":\"WebSite\",\"@id\":\"https:\/\/217.61.60.158:443\/#website\",\"url\":\"https:\/\/217.61.60.158:443\/\",\"name\":\"Agua Blue\",\"description\":\"Fine Italian Jewelry\",\"publisher\":{\"@id\":\"https:\/\/217.61.60.158:443\/#organization\"},\"potentialAction\":[{\"@type\":\"SearchAction\",\"target\":{\"@type\":\"EntryPoint\",\"urlTemplate\":\"https:\/\/217.61.60.158:443\/?s={search_term_string}\"},\"query-input\":\"required name=search_term_string\"}],\"inLanguage\":\"it-IT\"},{\"@type\":\"Organization\",\"@id\":\"https:\/\/217.61.60.158:443\/#organization\",\"name\":\"Agua Blue\",\"url\":\"https:\/\/217.61.60.158:443\/\",\"logo\":{\"@type\":\"ImageObject\",\"inLanguage\":\"it-IT\",\"@id\":\"https:\/\/217.61.60.158:443\/#\/schema\/logo\/image\/\",\"url\":\"http:\/\/agua.blue\/wp-content\/uploads\/2018\/11\/cropped-cropped-agua_blue_logo_512x512.png\",\"contentUrl\":\"http:\/\/agua.blue\/wp-content\/uploads\/2018\/11\/cropped-cropped-agua_blue_logo_512x512.png\",\"width\":512,\"height\":512,\"caption\":\"Agua Blue\"},\"image\":{\"@id\":\"https:\/\/217.61.60.158:443\/#\/schema\/logo\/image\/\"},\"sameAs\":[\"https:\/\/www.instagram.com\/agua_blue_jewelry\/\",\"https:\/\/www.facebook.com\/AguaBlueJewelry\/\"]}]}<\/script>\n<!-- \/ Yoast SEO plugin. -->","yoast_head_json":{"title":"Termini e condizioni di vendita - Agua Blue","description":"Agua Blue, a new jewelry brand, for precious jewels that combine tradition and design with an all-Mediterranean soul.","robots":{"index":"index","follow":"follow","max-snippet":"max-snippet:-1","max-image-preview":"max-image-preview:large","max-video-preview":"max-video-preview:-1"},"canonical":"https:\/\/mx2.myelkronhome.com\/it\/termini-e-condizioni-di-vendita\/","og_locale":"it_IT","og_type":"article","og_title":"Termini e condizioni di vendita - Agua Blue","og_description":"Agua Blue, a new jewelry brand, for precious jewels that combine tradition and design with an all-Mediterranean soul.","og_url":"https:\/\/mx2.myelkronhome.com\/it\/termini-e-condizioni-di-vendita\/","og_site_name":"Agua Blue","article_publisher":"https:\/\/www.facebook.com\/AguaBlueJewelry\/","article_modified_time":"2018-11-01T14:40:22+00:00","twitter_card":"summary_large_image","twitter_misc":{"Tempo di lettura stimato":"11 minuti"},"schema":{"@context":"https:\/\/schema.org","@graph":[{"@type":"WebPage","@id":"https:\/\/mx2.myelkronhome.com\/it\/termini-e-condizioni-di-vendita\/","url":"https:\/\/mx2.myelkronhome.com\/it\/termini-e-condizioni-di-vendita\/","name":"Termini e condizioni di vendita - Agua Blue","isPartOf":{"@id":"https:\/\/217.61.60.158:443\/#website"},"datePublished":"2018-11-01T14:39:07+00:00","dateModified":"2018-11-01T14:40:22+00:00","description":"Agua Blue, a new jewelry brand, for precious jewels that combine tradition and design with an all-Mediterranean soul.","inLanguage":"it-IT","potentialAction":[{"@type":"ReadAction","target":["https:\/\/mx2.myelkronhome.com\/it\/termini-e-condizioni-di-vendita\/"]}]},{"@type":"WebSite","@id":"https:\/\/217.61.60.158:443\/#website","url":"https:\/\/217.61.60.158:443\/","name":"Agua Blue","description":"Fine Italian Jewelry","publisher":{"@id":"https:\/\/217.61.60.158:443\/#organization"},"potentialAction":[{"@type":"SearchAction","target":{"@type":"EntryPoint","urlTemplate":"https:\/\/217.61.60.158:443\/?s={search_term_string}"},"query-input":"required name=search_term_string"}],"inLanguage":"it-IT"},{"@type":"Organization","@id":"https:\/\/217.61.60.158:443\/#organization","name":"Agua Blue","url":"https:\/\/217.61.60.158:443\/","logo":{"@type":"ImageObject","inLanguage":"it-IT","@id":"https:\/\/217.61.60.158:443\/#\/schema\/logo\/image\/","url":"http:\/\/agua.blue\/wp-content\/uploads\/2018\/11\/cropped-cropped-agua_blue_logo_512x512.png","contentUrl":"http:\/\/agua.blue\/wp-content\/uploads\/2018\/11\/cropped-cropped-agua_blue_logo_512x512.png","width":512,"height":512,"caption":"Agua Blue"},"image":{"@id":"https:\/\/217.61.60.158:443\/#\/schema\/logo\/image\/"},"sameAs":["https:\/\/www.instagram.com\/agua_blue_jewelry\/","https:\/\/www.facebook.com\/AguaBlueJewelry\/"]}]}},"_links":{"self":[{"href":"https:\/\/agua.blue\/it\/wp-json\/wp\/v2\/pages\/983"}],"collection":[{"href":"https:\/\/agua.blue\/it\/wp-json\/wp\/v2\/pages"}],"about":[{"href":"https:\/\/agua.blue\/it\/wp-json\/wp\/v2\/types\/page"}],"author":[{"embeddable":true,"href":"https:\/\/agua.blue\/it\/wp-json\/wp\/v2\/users\/1"}],"replies":[{"embeddable":true,"href":"https:\/\/agua.blue\/it\/wp-json\/wp\/v2\/comments?post=983"}],"version-history":[{"count":0,"href":"https:\/\/agua.blue\/it\/wp-json\/wp\/v2\/pages\/983\/revisions"}],"wp:attachment":[{"href":"https:\/\/agua.blue\/it\/wp-json\/wp\/v2\/media?parent=983"}],"curies":[{"name":"wp","href":"https:\/\/api.w.org\/{rel}","templated":true}]}}